{"id":14671,"date":"2025-12-09T10:16:40","date_gmt":"2025-12-09T10:16:40","guid":{"rendered":"https:\/\/senas.marketamine.ch\/hundebox-fuer-autos-sicherheit-komfort-und-individuelle-herstellung\/"},"modified":"2025-12-17T07:28:08","modified_gmt":"2025-12-17T07:28:08","slug":"hundebox-fuer-autos-sicherheit-komfort-und-individuelle-herstellung","status":"publish","type":"page","link":"https:\/\/senas.ch\/de\/hundebox-fuer-autos-sicherheit-komfort-und-individuelle-herstellung\/","title":{"rendered":"Deine Hundebox nach Mass \u2013 Sicherheit, Komfort und individuelle Herstellung"},"content":{"rendered":"\t\t<div data-elementor-type=\"wp-page\" data-elementor-id=\"14671\" class=\"elementor elementor-14671 elementor-14504\" data-elementor-post-type=\"page\">\n\t\t\t\t<div class=\"elementor-element elementor-element-500d529e e-flex e-con-boxed e-con e-parent\" data-id=\"500d529e\" data-element_type=\"container\" data-e-type=\"container\">\n\t\t\t\t\t<div class=\"e-con-inner\">\n\t\t\t\t<div class=\"elementor-element elementor-element-4a9ca7a elementor-widget elementor-widget-spacer\" data-id=\"4a9ca7a\" data-element_type=\"widget\" data-e-type=\"widget\" data-widget_type=\"spacer.default\">\n\t\t\t\t<div class=\"elementor-widget-container\">\n\t\t\t\t\t\t\t<div class=\"elementor-spacer\">\n\t\t\t<div class=\"elementor-spacer-inner\"><\/div>\n\t\t<\/div>\n\t\t\t\t\t\t<\/div>\n\t\t\t\t<\/div>\n\t\t\t\t<div class=\"elementor-element elementor-element-353c3ee elementor-widget elementor-widget-heading\" data-id=\"353c3ee\" data-element_type=\"widget\" data-e-type=\"widget\" data-widget_type=\"heading.default\">\n\t\t\t\t<div class=\"elementor-widget-container\">\n\t\t\t\t\t<h1 class=\"elementor-heading-title elementor-size-default\">Deine Hundebox nach Mass \u2013 Sicherheit, Komfort und individuelle Herstellung nach mass<\/h1>\t\t\t\t<\/div>\n\t\t\t\t<\/div>\n\t\t\t\t<div class=\"elementor-element elementor-element-8d7cc07 elementor-widget elementor-widget-spacer\" data-id=\"8d7cc07\" data-element_type=\"widget\" data-e-type=\"widget\" data-widget_type=\"spacer.default\">\n\t\t\t\t<div class=\"elementor-widget-container\">\n\t\t\t\t\t\t\t<div class=\"elementor-spacer\">\n\t\t\t<div class=\"elementor-spacer-inner\"><\/div>\n\t\t<\/div>\n\t\t\t\t\t\t<\/div>\n\t\t\t\t<\/div>\n\t\t<div class=\"elementor-element elementor-element-ac463e4 e-grid e-con-full e-con e-child\" data-id=\"ac463e4\" data-element_type=\"container\" data-e-type=\"container\">\n\t\t\t\t<div class=\"elementor-element elementor-element-66b7dc7c elementor-widget elementor-widget-text-editor\" data-id=\"66b7dc7c\" data-element_type=\"widget\" data-e-type=\"widget\" data-widget_type=\"text-editor.default\">\n\t\t\t\t<div class=\"elementor-widget-container\">\n\t\t\t\t\t\t\t\t\t<p>Unsere <strong>Hundeboxen<\/strong>, gefertigt aus <strong>100 % recycelbarem PE-Kunststoff<\/strong>, sind darauf ausgelegt, auf deinen Reisen maximale Sicherheit und Komfort zu bieten. Sie werden von der Polizei, Rettungsdiensten, Schlittenhundeteams, Feuerwehrleuten, Tier\u00e4rzten und vielen Fachleuten aus der Hundewelt eingesetzt.<br>Diese Spezialisten vertrauen in unsere Hundeboxen, da jede Box robust, stabil und perfekt angepasst ist, selbst in anspruchsvollen Situationen Hunde zu transportieren. <\/p>\n<p>Ma\u00dfgeschneidert f\u00fcr dein Fahrzeug und deine Bed\u00fcrfnisse garantieren unsere Osswaldtec- und SENAS-Hundeboxen einwandfreie Qualit\u00e4t, exzellente Haltbarkeit und eine intuitive Nutzung.<\/p>\t\t\t\t\t\t\t\t<\/div>\n\t\t\t\t<\/div>\n\t\t\t\t<div class=\"elementor-element elementor-element-466432c elementor-widget elementor-widget-image\" data-id=\"466432c\" data-element_type=\"widget\" data-e-type=\"widget\" data-widget_type=\"image.default\">\n\t\t\t\t<div class=\"elementor-widget-container\">\n\t\t\t\t\t\t\t\t\t\t\t\t\t\t\t<img fetchpriority=\"high\" decoding=\"async\" width=\"800\" height=\"800\" src=\"https:\/\/senas.ch\/wp-content\/uploads\/2025\/12\/cage-pour-chien-voiture-6.jpg\" class=\"attachment-large size-large wp-image-14665\" alt=\"\" srcset=\"https:\/\/senas.ch\/wp-content\/uploads\/2025\/12\/cage-pour-chien-voiture-6.jpg 800w, https:\/\/senas.ch\/wp-content\/uploads\/2025\/12\/cage-pour-chien-voiture-6-300x300.jpg 300w, https:\/\/senas.ch\/wp-content\/uploads\/2025\/12\/cage-pour-chien-voiture-6-150x150.jpg 150w, https:\/\/senas.ch\/wp-content\/uploads\/2025\/12\/cage-pour-chien-voiture-6-768x768.jpg 768w, https:\/\/senas.ch\/wp-content\/uploads\/2025\/12\/cage-pour-chien-voiture-6-100x100.jpg 100w\" sizes=\"(max-width: 800px) 100vw, 800px\" \/>\t\t\t\t\t\t\t\t\t\t\t\t\t\t\t<\/div>\n\t\t\t\t<\/div>\n\t\t\t\t<div class=\"elementor-element elementor-element-509611a elementor-hidden-mobile elementor-widget elementor-widget-image\" data-id=\"509611a\" data-element_type=\"widget\" data-e-type=\"widget\" data-widget_type=\"image.default\">\n\t\t\t\t<div class=\"elementor-widget-container\">\n\t\t\t\t\t\t\t\t\t\t\t\t\t\t\t<img decoding=\"async\" width=\"800\" height=\"800\" src=\"https:\/\/senas.ch\/wp-content\/uploads\/2025\/12\/cage-pour-chien-voiture-3.jpg\" class=\"attachment-large size-large wp-image-14668\" alt=\"\" srcset=\"https:\/\/senas.ch\/wp-content\/uploads\/2025\/12\/cage-pour-chien-voiture-3.jpg 800w, https:\/\/senas.ch\/wp-content\/uploads\/2025\/12\/cage-pour-chien-voiture-3-300x300.jpg 300w, https:\/\/senas.ch\/wp-content\/uploads\/2025\/12\/cage-pour-chien-voiture-3-150x150.jpg 150w, https:\/\/senas.ch\/wp-content\/uploads\/2025\/12\/cage-pour-chien-voiture-3-768x768.jpg 768w, https:\/\/senas.ch\/wp-content\/uploads\/2025\/12\/cage-pour-chien-voiture-3-100x100.jpg 100w\" sizes=\"(max-width: 800px) 100vw, 800px\" \/>\t\t\t\t\t\t\t\t\t\t\t\t\t\t\t<\/div>\n\t\t\t\t<\/div>\n\t\t\t\t<div class=\"elementor-element elementor-element-5181857 elementor-hidden-mobile elementor-widget elementor-widget-image\" data-id=\"5181857\" data-element_type=\"widget\" data-e-type=\"widget\" data-widget_type=\"image.default\">\n\t\t\t\t<div class=\"elementor-widget-container\">\n\t\t\t\t\t\t\t\t\t\t\t\t\t\t\t<img decoding=\"async\" width=\"800\" height=\"800\" src=\"https:\/\/senas.ch\/wp-content\/uploads\/2025\/12\/cage-pour-chien-voiture-4.jpg\" class=\"attachment-large size-large wp-image-14667\" alt=\"\" srcset=\"https:\/\/senas.ch\/wp-content\/uploads\/2025\/12\/cage-pour-chien-voiture-4.jpg 800w, https:\/\/senas.ch\/wp-content\/uploads\/2025\/12\/cage-pour-chien-voiture-4-300x300.jpg 300w, https:\/\/senas.ch\/wp-content\/uploads\/2025\/12\/cage-pour-chien-voiture-4-150x150.jpg 150w, https:\/\/senas.ch\/wp-content\/uploads\/2025\/12\/cage-pour-chien-voiture-4-768x768.jpg 768w, https:\/\/senas.ch\/wp-content\/uploads\/2025\/12\/cage-pour-chien-voiture-4-100x100.jpg 100w\" sizes=\"(max-width: 800px) 100vw, 800px\" \/>\t\t\t\t\t\t\t\t\t\t\t\t\t\t\t<\/div>\n\t\t\t\t<\/div>\n\t\t\t\t<div class=\"elementor-element elementor-element-b8cc3b1 elementor-widget elementor-widget-image\" data-id=\"b8cc3b1\" data-element_type=\"widget\" data-e-type=\"widget\" data-widget_type=\"image.default\">\n\t\t\t\t<div class=\"elementor-widget-container\">\n\t\t\t\t\t\t\t\t\t\t\t\t\t\t\t<img loading=\"lazy\" decoding=\"async\" width=\"800\" height=\"800\" src=\"https:\/\/senas.ch\/wp-content\/uploads\/2025\/12\/cage-pour-chien-voiture-8.jpg\" class=\"attachment-large size-large wp-image-14666\" alt=\"Individuelle Auto-Hundebox\" srcset=\"https:\/\/senas.ch\/wp-content\/uploads\/2025\/12\/cage-pour-chien-voiture-8.jpg 800w, https:\/\/senas.ch\/wp-content\/uploads\/2025\/12\/cage-pour-chien-voiture-8-300x300.jpg 300w, https:\/\/senas.ch\/wp-content\/uploads\/2025\/12\/cage-pour-chien-voiture-8-150x150.jpg 150w, https:\/\/senas.ch\/wp-content\/uploads\/2025\/12\/cage-pour-chien-voiture-8-768x768.jpg 768w, https:\/\/senas.ch\/wp-content\/uploads\/2025\/12\/cage-pour-chien-voiture-8-100x100.jpg 100w\" sizes=\"(max-width: 800px) 100vw, 800px\" \/>\t\t\t\t\t\t\t\t\t\t\t\t\t\t\t<\/div>\n\t\t\t\t<\/div>\n\t\t\t\t<\/div>\n\t\t\t\t<div class=\"elementor-element elementor-element-b55bb10 elementor-widget elementor-widget-spacer\" data-id=\"b55bb10\" data-element_type=\"widget\" data-e-type=\"widget\" data-widget_type=\"spacer.default\">\n\t\t\t\t<div class=\"elementor-widget-container\">\n\t\t\t\t\t\t\t<div class=\"elementor-spacer\">\n\t\t\t<div class=\"elementor-spacer-inner\"><\/div>\n\t\t<\/div>\n\t\t\t\t\t\t<\/div>\n\t\t\t\t<\/div>\n\t\t<div class=\"elementor-element elementor-element-1453af6 e-grid e-con-full e-con e-child\" data-id=\"1453af6\" data-element_type=\"container\" data-e-type=\"container\">\n\t\t\t\t<div class=\"elementor-element elementor-element-a40c0fa elementor-widget elementor-widget-text-editor\" data-id=\"a40c0fa\" data-element_type=\"widget\" data-e-type=\"widget\" data-widget_type=\"text-editor.default\">\n\t\t\t\t<div class=\"elementor-widget-container\">\n\t\t\t\t\t\t\t\t\t<h2 class=\"wp-block-heading\">Was zeichnen unsere Hundeboxen aus?<\/h2>\n<h2 class=\"wp-block-heading has-large-font-size\">Robust und Sicher<\/h2>\n<p>Unsere Hundeboxen sind darauf ausgelegt, den Blastungen, Vibrationen und im Falle eines Unfalls beim Hundetransports im Auto standzuhalten.<\/p>\n<p>\u2714 Geschwei\u00dfte PE-Konstruktion, ultrastabil und leise<br>\u2714 Starke und langlebige Aluminiumt\u00fcren<br>\u2714 Hochwertige Materialien f\u00fcr eine lange Lebensdauer<br>\u2714 Erh\u00f6hte Sicherheitsma\u00dfnahmen zum Schutz deines Hundes und der Passagiere<\/p>\n<p>Mit einer geeigneten Transportbox f\u00fchlt sich Ihr Hund sicher, auch bei starkem Bremsen oder langen Fahrten.<\/p>\n<p> <\/p>\t\t\t\t\t\t\t\t<\/div>\n\t\t\t\t<\/div>\n\t\t\t\t<div class=\"elementor-element elementor-element-47ebe21 elementor-widget elementor-widget-text-editor\" data-id=\"47ebe21\" data-element_type=\"widget\" data-e-type=\"widget\" data-widget_type=\"text-editor.default\">\n\t\t\t\t<div class=\"elementor-widget-container\">\n\t\t\t\t\t\t\t\t\t<h2 class=\"wp-block-heading\">Komfort, Bel\u00fcftung und Ergonomie: f\u00fcr das Wohlbefinden des Hundes gebaut<\/h2>\n<p>Unsere Boxen verbinden Leichtigkeit, eine optimale Bel\u00fcftung und ein sch\u00f6nes Design, um dem Hund einen angenehmen und beruhigenden R\u00fcckzugsort zu bieten.<\/p>\n<p>\u2714 Optimierter Luftstrom<br>\u2714 Bequeme, zuverl\u00e4ssige und sichere T\u00fcrsysteme<br>\u2714 Sehr leichte, aber unglaublich robuste Materialien<br>\u2714 Sauberes Design, leise und ohne hervorstehende Teile<\/p>\n<p>Jede Hundebox ist darauf ausgelegt, die Fahrt mit Hund im Alltag zu erleichtern: einfacher Zugang, schnelle Reinigung, perfekte Stabilit\u00e4t.<\/p>\t\t\t\t\t\t\t\t<\/div>\n\t\t\t\t<\/div>\n\t\t\t\t<\/div>\n\t\t<div class=\"elementor-element elementor-element-861bca5 e-grid e-con-full e-con e-child\" data-id=\"861bca5\" data-element_type=\"container\" data-e-type=\"container\">\n\t\t\t\t<div class=\"elementor-element elementor-element-15998a5 elementor-widget elementor-widget-text-editor\" data-id=\"15998a5\" data-element_type=\"widget\" data-e-type=\"widget\" data-widget_type=\"text-editor.default\">\n\t\t\t\t<div class=\"elementor-widget-container\">\n\t\t\t\t\t\t\t\t\t<h2 class=\"wp-block-heading\">Eine Hundebox f\u00fcr jeden Einsatz: vom Familienhund bis zum Arbeitshund<\/h2>\n<p>Egal, ob Sie einen Sporthund, einen Familienhund besitzen oder mit dem Hund arbeiten \u2013 wir helfen dir, <strong>die Hundebox zu finden<\/strong> , die genau zu deinem Bed\u00fcrfniss passt.<\/p>\n<p>\u2714 T\u00e4gliche Nutzung<br>\u2714 Reisen und Urlaube<br>\u2714 Hundesport<br>\u2714 Arbeitshund (Polizei, Rettung, Sicherheit, Tier\u00e4rzte)<\/p>\n<p>Auch unsere eigenen Hunde reisen in unseren Boxen: Wir wollen f\u00fcr unsere Kunden die gleiche Qualit\u00e4t.<\/p>\t\t\t\t\t\t\t\t<\/div>\n\t\t\t\t<\/div>\n\t\t\t\t<div class=\"elementor-element elementor-element-6d9e07e elementor-widget elementor-widget-image\" data-id=\"6d9e07e\" data-element_type=\"widget\" data-e-type=\"widget\" data-widget_type=\"image.default\">\n\t\t\t\t<div class=\"elementor-widget-container\">\n\t\t\t\t\t\t\t\t\t\t\t\t\t\t\t<img loading=\"lazy\" decoding=\"async\" width=\"980\" height=\"980\" src=\"https:\/\/senas.ch\/wp-content\/uploads\/2025\/06\/Photo2022-04-09_115035AM-1024x1024.jpg\" class=\"attachment-large size-large wp-image-1684\" alt=\"\" srcset=\"https:\/\/senas.ch\/wp-content\/uploads\/2025\/06\/Photo2022-04-09_115035AM-1024x1024.jpg 1024w, https:\/\/senas.ch\/wp-content\/uploads\/2025\/06\/Photo2022-04-09_115035AM-100x100.jpg 100w, https:\/\/senas.ch\/wp-content\/uploads\/2025\/06\/Photo2022-04-09_115035AM-800x800.jpg 800w, https:\/\/senas.ch\/wp-content\/uploads\/2025\/06\/Photo2022-04-09_115035AM-300x300.jpg 300w, https:\/\/senas.ch\/wp-content\/uploads\/2025\/06\/Photo2022-04-09_115035AM-150x150.jpg 150w, https:\/\/senas.ch\/wp-content\/uploads\/2025\/06\/Photo2022-04-09_115035AM-768x768.jpg 768w, https:\/\/senas.ch\/wp-content\/uploads\/2025\/06\/Photo2022-04-09_115035AM.jpg 1200w\" sizes=\"(max-width: 980px) 100vw, 980px\" \/>\t\t\t\t\t\t\t\t\t\t\t\t\t\t\t<\/div>\n\t\t\t\t<\/div>\n\t\t\t\t<\/div>\n\t\t\t\t<div class=\"elementor-element elementor-element-571439c elementor-widget elementor-widget-spacer\" data-id=\"571439c\" data-element_type=\"widget\" data-e-type=\"widget\" data-widget_type=\"spacer.default\">\n\t\t\t\t<div class=\"elementor-widget-container\">\n\t\t\t\t\t\t\t<div class=\"elementor-spacer\">\n\t\t\t<div class=\"elementor-spacer-inner\"><\/div>\n\t\t<\/div>\n\t\t\t\t\t\t<\/div>\n\t\t\t\t<\/div>\n\t\t<div class=\"elementor-element elementor-element-15c54cb e-grid e-con-full e-con e-child\" data-id=\"15c54cb\" data-element_type=\"container\" data-e-type=\"container\">\n\t\t\t\t<div class=\"elementor-element elementor-element-a21dcd6 elementor-hidden-mobile elementor-widget elementor-widget-image\" data-id=\"a21dcd6\" data-element_type=\"widget\" data-e-type=\"widget\" data-widget_type=\"image.default\">\n\t\t\t\t<div class=\"elementor-widget-container\">\n\t\t\t\t\t\t\t\t\t\t\t\t\t\t\t<img loading=\"lazy\" decoding=\"async\" width=\"980\" height=\"462\" src=\"https:\/\/senas.ch\/wp-content\/uploads\/2025\/12\/cage-pour-chien-voiture7-1024x483.jpg\" class=\"attachment-large size-large wp-image-14669\" alt=\"\" srcset=\"https:\/\/senas.ch\/wp-content\/uploads\/2025\/12\/cage-pour-chien-voiture7-1024x483.jpg 1024w, https:\/\/senas.ch\/wp-content\/uploads\/2025\/12\/cage-pour-chien-voiture7-300x142.jpg 300w, https:\/\/senas.ch\/wp-content\/uploads\/2025\/12\/cage-pour-chien-voiture7-768x362.jpg 768w, https:\/\/senas.ch\/wp-content\/uploads\/2025\/12\/cage-pour-chien-voiture7-800x377.jpg 800w, https:\/\/senas.ch\/wp-content\/uploads\/2025\/12\/cage-pour-chien-voiture7-100x47.jpg 100w, https:\/\/senas.ch\/wp-content\/uploads\/2025\/12\/cage-pour-chien-voiture7.jpg 1200w\" sizes=\"(max-width: 980px) 100vw, 980px\" \/>\t\t\t\t\t\t\t\t\t\t\t\t\t\t\t<\/div>\n\t\t\t\t<\/div>\n\t\t\t\t<div class=\"elementor-element elementor-element-6d1840a elementor-widget elementor-widget-spacer\" data-id=\"6d1840a\" data-element_type=\"widget\" data-e-type=\"widget\" data-widget_type=\"spacer.default\">\n\t\t\t\t<div class=\"elementor-widget-container\">\n\t\t\t\t\t\t\t<div class=\"elementor-spacer\">\n\t\t\t<div class=\"elementor-spacer-inner\"><\/div>\n\t\t<\/div>\n\t\t\t\t\t\t<\/div>\n\t\t\t\t<\/div>\n\t\t\t\t<\/div>\n\t\t<div class=\"elementor-element elementor-element-139c846 e-grid e-con-full e-con e-child\" data-id=\"139c846\" data-element_type=\"container\" data-e-type=\"container\">\n\t\t\t\t<div class=\"elementor-element elementor-element-090a2f0 elementor-widget elementor-widget-text-editor\" data-id=\"090a2f0\" data-element_type=\"widget\" data-e-type=\"widget\" data-widget_type=\"text-editor.default\">\n\t\t\t\t<div class=\"elementor-widget-container\">\n\t\t\t\t\t\t\t\t\t<h2 class=\"wp-block-heading\">Ma\u00dfgefertigter Hundeboxen: ein einzigartiges und perfekt passendes Produkt f\u00fcr dein Fahrzeug<\/h2><p>Jede Hundebox wird entsprechend deinen Ma\u00dfen, deinem Fahrzeugmodell und deinen Vorlieben gefertigt.<br>Das Ergebnis: eine perfekt angepasste, stabile, sichere und langlebige Hundebox.<\/p><p>\u2714 Herstellung nach Mass<br>\u2714 Geschwei\u00dfter PE-Kunststoff \u2013 keine Vibrationen &#8211; leicht zu Reinigen<br>\u2714 Aluminiumt\u00fcren mit robusten Schl\u00f6ssern und abschliessbar<br>\u2714 Keine Nieten, keine hervorstehenden Teile<br>\u2714 Eingeschraubte Bauteile, leicht zu ersetzen<br>\u2714 Doppelhundeboxen mit demontierbarer <strong>Trennwand<\/strong><\/p><p>Eine passende Hundebox gibt dem Hund aber auch dem Gep\u00e4ck platz und macht jede Reise sicherer.<\/p>\t\t\t\t\t\t\t\t<\/div>\n\t\t\t\t<\/div>\n\t\t\t\t<div class=\"elementor-element elementor-element-208fed7 elementor-widget elementor-widget-video\" data-id=\"208fed7\" data-element_type=\"widget\" data-e-type=\"widget\" data-settings=\"{&quot;video_type&quot;:&quot;hosted&quot;,&quot;controls&quot;:&quot;yes&quot;}\" data-widget_type=\"video.default\">\n\t\t\t\t<div class=\"elementor-widget-container\">\n\t\t\t\t\t\t\t<div class=\"e-hosted-video elementor-wrapper elementor-open-inline\">\n\t\t\t\t\t<video class=\"elementor-video\" src=\"https:\/\/senas.marketamine.ch\/wp-content\/uploads\/2025\/12\/VID-20251209-WA0001.mp4\" controls=\"\" preload=\"metadata\" controlsList=\"nodownload\"><\/video>\n\t\t\t\t<\/div>\n\t\t\t\t\t\t<\/div>\n\t\t\t\t<\/div>\n\t\t\t\t<div class=\"elementor-element elementor-element-bef0792 elementor-widget elementor-widget-text-editor\" data-id=\"bef0792\" data-element_type=\"widget\" data-e-type=\"widget\" data-widget_type=\"text-editor.default\">\n\t\t\t\t<div class=\"elementor-widget-container\">\n\t\t\t\t\t\t\t\t\t<h2 class=\"wp-block-heading\">Schl\u00f6sser<\/h2><p>Standardkonfiguration:<\/p><ul class=\"wp-block-list\"><li>Aluminiumt\u00fcr mit GFK-Kunststoffschloss (abschlie\u00dfbar mit Sicherheitsverschluss)<\/li><\/ul><p>Optionen:<\/p><ul class=\"wp-block-list\"><li>GFK-Kunststoffschloss mit Sicherheitsverschluss (abschlie\u00dfbar)<\/li><li>Premium-Version: Aluminiumschloss (abschlie\u00dfbar)<\/li><\/ul>\t\t\t\t\t\t\t\t<\/div>\n\t\t\t\t<\/div>\n\t\t\t\t<\/div>\n\t\t<div class=\"elementor-element elementor-element-89012e2 e-grid e-con-full e-con e-child\" data-id=\"89012e2\" data-element_type=\"container\" data-e-type=\"container\">\n\t\t\t\t<div class=\"elementor-element elementor-element-88ce7cd elementor-widget elementor-widget-image\" data-id=\"88ce7cd\" data-element_type=\"widget\" data-e-type=\"widget\" data-widget_type=\"image.default\">\n\t\t\t\t<div class=\"elementor-widget-container\">\n\t\t\t\t\t\t\t\t\t\t\t\t\t\t\t<img loading=\"lazy\" decoding=\"async\" width=\"800\" height=\"959\" src=\"https:\/\/senas.ch\/wp-content\/uploads\/2025\/12\/cage-pour-chien-voiture.jpg\" class=\"attachment-large size-large wp-image-14670\" alt=\"Hundebox im Auto mit Schublade\" srcset=\"https:\/\/senas.ch\/wp-content\/uploads\/2025\/12\/cage-pour-chien-voiture.jpg 800w, https:\/\/senas.ch\/wp-content\/uploads\/2025\/12\/cage-pour-chien-voiture-250x300.jpg 250w, https:\/\/senas.ch\/wp-content\/uploads\/2025\/12\/cage-pour-chien-voiture-768x921.jpg 768w, https:\/\/senas.ch\/wp-content\/uploads\/2025\/12\/cage-pour-chien-voiture-300x360.jpg 300w, https:\/\/senas.ch\/wp-content\/uploads\/2025\/12\/cage-pour-chien-voiture-667x800.jpg 667w, https:\/\/senas.ch\/wp-content\/uploads\/2025\/12\/cage-pour-chien-voiture-83x100.jpg 83w\" sizes=\"(max-width: 800px) 100vw, 800px\" \/>\t\t\t\t\t\t\t\t\t\t\t\t\t\t\t<\/div>\n\t\t\t\t<\/div>\n\t\t\t\t<div class=\"elementor-element elementor-element-dab1762 elementor-widget elementor-widget-text-editor\" data-id=\"dab1762\" data-element_type=\"widget\" data-e-type=\"widget\" data-widget_type=\"text-editor.default\">\n\t\t\t\t<div class=\"elementor-widget-container\">\n\t\t\t\t\t\t\t\t\t<h2 class=\"wp-block-heading\">Schubladenmodule: hilft f\u00fcr ein aufger\u00e4umtes Fahrzeug<\/h2><p>F\u00fcr noch mehr Funktionalit\u00e4t bieten wir Schubladenmodule an, die perfekt mit unseren Hundeboxen kompatibel sind.<\/p><p>\u2714 Optimale Kofferraumausnutzung<br>\u2714 Robust, leise und stabil<br>\u2714 Modulare Komponenten<br>\u2714 Rutschfeste Matten<br>\u2714 Perfekt f\u00fcr Hundeausr\u00fcstung, Zubeh\u00f6r und Ausr\u00fcstung<\/p><p>Diese Module verwandeln dein Fahrzeug in einen perfekt ordentlichen, funktionalen und einsatzbereites Fahrzeug.<\/p>\t\t\t\t\t\t\t\t<\/div>\n\t\t\t\t<\/div>\n\t\t\t\t<\/div>\n\t\t\t\t<div class=\"elementor-element elementor-element-9073c1d elementor-widget elementor-widget-spacer\" data-id=\"9073c1d\" data-element_type=\"widget\" data-e-type=\"widget\" data-widget_type=\"spacer.default\">\n\t\t\t\t<div class=\"elementor-widget-container\">\n\t\t\t\t\t\t\t<div class=\"elementor-spacer\">\n\t\t\t<div class=\"elementor-spacer-inner\"><\/div>\n\t\t<\/div>\n\t\t\t\t\t\t<\/div>\n\t\t\t\t<\/div>\n\t\t\t\t<div class=\"elementor-element elementor-element-1e1a7f1 elementor-widget elementor-widget-text-editor\" data-id=\"1e1a7f1\" data-element_type=\"widget\" data-e-type=\"widget\" data-widget_type=\"text-editor.default\">\n\t\t\t\t<div class=\"elementor-widget-container\">\n\t\t\t\t\t\t\t\t\t<h2 class=\"wp-block-heading\">Die Hundebox, die deinen Bed\u00fcrfnissen entspricht<\/h2>\n<p>Egal, ob du ein Kombi, ein SUV, ein Van oder ein Pick-up hast \u2013 unsere L\u00f6sungen lassen sich an jedes Fahrzeug anpassen. Wir unterst\u00fctzen dich dabei, die ideale Hundebox zu erstellen, sei es zur Sicherheit deines Hundes oder zur Optimierung deines Fahrzeugs f\u00fcr den professionellen Einsatz. <\/p>\n<p>\ud83d\udc49 Sicherheit<br>\ud83d\udc49 Komfort<br>\ud83d\udc49 Nachhaltigkeit<br>\ud83d\udc49 Ma\u00dfgefertigte Herstellung<\/p>\n<p>Dies ist unser Versprechen &#8211; dass auch die vielen Kunden und Fachleute mit uns teilen.<\/p>\t\t\t\t\t\t\t\t<\/div>\n\t\t\t\t<\/div>\n\t\t\t\t\t<\/div>\n\t\t\t\t<\/div>\n\t\t<div class=\"elementor-element elementor-element-19ec491 e-flex e-con-boxed e-con e-parent\" data-id=\"19ec491\" data-element_type=\"container\" data-e-type=\"container\">\n\t\t\t\t\t<div class=\"e-con-inner\">\n\t\t\t\t<div class=\"elementor-element elementor-element-381ed12 elementor-widget elementor-widget-spacer\" data-id=\"381ed12\" data-element_type=\"widget\" data-e-type=\"widget\" data-widget_type=\"spacer.default\">\n\t\t\t\t<div class=\"elementor-widget-container\">\n\t\t\t\t\t\t\t<div class=\"elementor-spacer\">\n\t\t\t<div class=\"elementor-spacer-inner\"><\/div>\n\t\t<\/div>\n\t\t\t\t\t\t<\/div>\n\t\t\t\t<\/div>\n\t\t\t\t\t<\/div>\n\t\t\t\t<\/div>\n\t\t\t\t<\/div>\n\t\t","protected":false},"excerpt":{"rendered":"<p>Deine Hundebox nach Mass \u2013 Sicherheit, Komfort und individuelle Herstellung nach mass Unsere Hundeboxen, gefertigt aus 100 % recycelbarem PE-Kunststoff, sind darauf ausgelegt, auf deinen Reisen maximale Sicherheit und Komfort zu bieten. Sie werden von der Polizei, Rettungsdiensten, Schlittenhundeteams, Feuerwehrleuten, Tier\u00e4rzten und vielen Fachleuten aus der Hundewelt eingesetzt.Diese Spezialisten vertrauen in unsere Hundeboxen, da jede [&hellip;]<\/p>\n","protected":false},"author":1,"featured_media":0,"parent":0,"menu_order":0,"comment_status":"closed","ping_status":"closed","template":"elementor_header_footer","meta":{"inline_featured_image":false,"footnotes":""},"class_list":["post-14671","page","type-page","status-publish","hentry"],"_links":{"self":[{"href":"https:\/\/senas.ch\/de\/wp-json\/wp\/v2\/pages\/14671","targetHints":{"allow":["GET"]}}],"collection":[{"href":"https:\/\/senas.ch\/de\/wp-json\/wp\/v2\/pages"}],"about":[{"href":"https:\/\/senas.ch\/de\/wp-json\/wp\/v2\/types\/page"}],"author":[{"embeddable":true,"href":"https:\/\/senas.ch\/de\/wp-json\/wp\/v2\/users\/1"}],"replies":[{"embeddable":true,"href":"https:\/\/senas.ch\/de\/wp-json\/wp\/v2\/comments?post=14671"}],"version-history":[{"count":0,"href":"https:\/\/senas.ch\/de\/wp-json\/wp\/v2\/pages\/14671\/revisions"}],"wp:attachment":[{"href":"https:\/\/senas.ch\/de\/wp-json\/wp\/v2\/media?parent=14671"}],"curies":[{"name":"wp","href":"https:\/\/api.w.org\/{rel}","templated":true}]}}