{"id":14614,"date":"2025-12-15T11:23:26","date_gmt":"2025-12-15T11:23:26","guid":{"rendered":"https:\/\/senas.marketamine.ch\/?post_type=product&#038;p=14614"},"modified":"2025-12-17T13:29:50","modified_gmt":"2025-12-17T13:29:50","slug":"dogsport-x-back-zuggeschirr-reflex-gelb","status":"publish","type":"product","link":"https:\/\/senas.ch\/de\/boutique\/dogsport-x-back-zuggeschirr-reflex-gelb\/","title":{"rendered":"Dogsport X-Back Zuggeschirr reflex gelb"},"content":{"rendered":"<p>&nbsp;<\/p>\n<p>Das Troll Dogsport Nomesele X-Back Zuggeschirr ist ein gut gepolstertes und sehr leichtes Geschirr.<br \/>\nDieses X-Back eignet sich f\u00fcr jede Art von Zughundesport, Mantrailing oder Schutzhundetraining. Das Geschirr hat eine gute Passform f\u00fcr Hunde mit tieferem Brustkorb und\/oder eher langem R\u00fccken.<br \/>\nDas Material besteht aus sehr strapazierf\u00e4higem blauem, gelbem oder pinkem Nylongewebe mit eingewebten reflektierenden Streifen. Es saugt sich nicht mit Wasser voll und gefriert nicht im Schnee oder K\u00e4lte.<br \/>\nDer breite Brustbereich, die Hals\u00f6ffnung und andere Druckpunkte sind mit weichem wasserabweisendem Ripstop Material gepolstert.<\/p>\n<p>Erh\u00e4ltlich in insgesamt 8 Gr\u00f6\u00dfen und 3 Farben.<\/p>\n","protected":false},"excerpt":{"rendered":"<p>Das Troll X-Back Zuggeschirr in leuchtendem pink eignet sich f\u00fcr Zughundesport, Mantrailing oder Schutzhundearbeit. Es ist extrem leicht, gut gepolstert, robust und mit reflektierenden Streifen versehen.<\/p>\n","protected":false},"featured_media":4161,"comment_status":"closed","ping_status":"closed","template":"","meta":{"inline_featured_image":false},"product_brand":[358],"product_cat":[179],"product_tag":[],"class_list":{"0":"post-14614","1":"product","2":"type-product","3":"status-publish","4":"has-post-thumbnail","6":"product_brand-troll","7":"product_cat-zubeheor","8":"pa_couleur-reflex-pink","9":"pa_materiel-ripstop","10":"pa_phase-de-vie-erwachsen","11":"pa_phase-de-vie-jeune-chien","12":"pa_taille-l","13":"pa_taille-m","14":"pa_taille-s","15":"pa_taille-xl","16":"pa_taille-xs","17":"pa_taille-xxl","18":"pa_type-de-besoin-activ","19":"pa_type-de-besoin-chien-de-travaiile","20":"pa_type-de-besoin-schlittenhund","21":"pa_type-de-besoin-sportif","22":"pa_type-de-produit-bikejoering","23":"pa_type-de-produit-canicross","24":"pa_type-de-produit-mushing","25":"pa_type-de-produit-skijoering","26":"pa_type-de-produit-harnais-traction","28":"first","29":"instock","30":"taxable","31":"shipping-taxable","32":"purchasable","33":"product-type-variable"},"_links":{"self":[{"href":"https:\/\/senas.ch\/de\/wp-json\/wp\/v2\/product\/14614","targetHints":{"allow":["GET"]}}],"collection":[{"href":"https:\/\/senas.ch\/de\/wp-json\/wp\/v2\/product"}],"about":[{"href":"https:\/\/senas.ch\/de\/wp-json\/wp\/v2\/types\/product"}],"replies":[{"embeddable":true,"href":"https:\/\/senas.ch\/de\/wp-json\/wp\/v2\/comments?post=14614"}],"wp:featuredmedia":[{"embeddable":true,"href":"https:\/\/senas.ch\/de\/wp-json\/wp\/v2\/media\/4161"}],"wp:attachment":[{"href":"https:\/\/senas.ch\/de\/wp-json\/wp\/v2\/media?parent=14614"}],"wp:term":[{"taxonomy":"product_brand","embeddable":true,"href":"https:\/\/senas.ch\/de\/wp-json\/wp\/v2\/product_brand?post=14614"},{"taxonomy":"product_cat","embeddable":true,"href":"https:\/\/senas.ch\/de\/wp-json\/wp\/v2\/product_cat?post=14614"},{"taxonomy":"product_tag","embeddable":true,"href":"https:\/\/senas.ch\/de\/wp-json\/wp\/v2\/product_tag?post=14614"}],"curies":[{"name":"wp","href":"https:\/\/api.w.org\/{rel}","templated":true}]}}