{"id":15285,"date":"2026-04-23T14:00:00","date_gmt":"2026-04-23T13:00:00","guid":{"rendered":"https:\/\/senas.ch\/?post_type=product&#038;p=15285"},"modified":"2026-04-23T14:19:04","modified_gmt":"2026-04-23T13:19:04","slug":"taste-ente-easy-pack","status":"publish","type":"product","link":"https:\/\/senas.ch\/de\/boutique\/taste-ente-easy-pack\/","title":{"rendered":"Taste Ente Easy Pack"},"content":{"rendered":"<div class=\"av-special-heading av-l81qemdq-921835858860f10fae6a02d6efc19e7f av-special-heading-h3 blockquote modern-quote  avia-builder-el-19  el_before_av_textblock  avia-builder-el-first \">\n<p class=\"av-special-heading-tag\"><span style=\"font-size: 16px;\">Mit dem norwegische TASTE Ente\u00a0 Rohfutter gibtst du deinem Hund ein Barffutter mit Monoprotein Ente. Das Taste Ente besteht zu 100% aus Rohwaren von der Ente. Es ist reich an Proteinen und Fett. Die im Futter enthaltenen kleinen Knochen und Knorpelst\u00fccke sind reich an N\u00e4hrstoffen und ein wichtiger Calcium- und Mineralstofflieferant. Das VOM Taste Ente ist ideal f\u00fcr Allergiker und sensible Hunde.<\/span><\/p>\n<\/div>\n<p>Hypoallergen: Entenfleisch gilt als seltene Proteinquelle, auf die Hunde deutlich seltener allergisch reagieren als auf Rind oder Huhn.<br \/>\nMonoprotein: Da es ausschliesslich Ente enth\u00e4lt, eignet es sich hervorragend f\u00fcr Ausschlussdiaten bei Verdauungsproblemen oder Unvertraglichkeiten.<\/p>\n<p>N\u00e4hrstoffreich &amp; Energielieferant<br \/>\nHoher Fettgehalt: Ente ist im Vergleich zu Huhn fettreicher und liefert daher viel Energie, was besonders f\u00fcr aktive oder untergewichtige Hunde von Vorteil ist.<\/p>\n<p>Wichtige Fetts\u00e4uren: Das Fleisch ist reich an Omega-3- und Omega-6-Fettsauren, die eine gesunde Haut und ein gl\u00e4nzendes Fell f\u00f6rdern.<br \/>\nVitamine &amp; Mineralien: Es liefert wertvolle B-Vitamine (B1, B6, B12) f\u00fcr den Stoffwechsel sowie Eisen und Zink zur Unterst\u00fctzung des Immunsystems.<\/p>\n<p><strong>Der Easy Pack Karton beinhaltet das Hundefutter in praktischer Burgerform von ca. 200g \u2013 250g und ist nicht in Plastik verpackt.<\/strong><\/p>\n<p><strong>Im Easy Pack Karton hat es total 9kg Fleisch. Die Burger sind leicht aufzutauen und k\u00f6nnen praktisch und einfach dem Hund verf\u00fcttert werden.<\/strong><\/p>\n<p><strong>Zusammensetzung: Fleischst\u00fccke, Knochen und Haut<\/strong><\/p>\n<p><strong>N\u00e4hrwerte:<\/strong><\/p>\n<p>Protein: 16%<br \/>\nFett: 20 %<br \/>\nKohlenhydrate: 0 %<br \/>\nTrockensubstanz: 41 %<br \/>\nAsche: 5 %<br \/>\nKalzium: 1.6 %<br \/>\nPhosphor: 0,9 %<br \/>\nUE* : 2220 kcal\/kg<br \/>\nUE* aus Fett: 74 %<br \/>\nUE* aus Protein: 26 %<\/p>\n<p>Zugesetzte Vitamine und Mineralstoffe:<\/p>\n<p>Vitamin A: 3500.00 IE\/kg<\/p>\n<p>Vitamin D3: 500,00 IE\/kg<\/p>\n<p>Vitamin E: 150,00 mg\/kg<\/p>\n<p>Thiamin B1: 1,50 mg\/kg<\/p>\n<p>Riboflavin B2: 2,80 mg\/kg<\/p>\n<p>Pyridoxin B6: 1,80 mg\/kg<\/p>\n<p>Cobalamin B12: 0,02 mg\/kg<\/p>\n<p>Niacin: 9,00mg\/kg<\/p>\n<p>Pantothens\u00e4ure: 10,00 mg\/kg<\/p>\n<p>Biotin: 0,10 mg\/kg<\/p>\n<p>Cholin: 250,00 mg\/kg<\/p>\n<p>Vitamin C: 15,00 mg\/kg<\/p>\n<p>Eisen: 118,00 mg\/kg<\/p>\n<p>Mangan: 20,00 mg\/kg<\/p>\n<p>Sink: 30,00 mg\/kg<\/p>\n<p>Kupfer: 3,80 mg\/kg<\/p>\n<p>Jod: 0,40mg\/kg<\/p>\n<p>Selen: 0,16 mg\/kg<\/p>\n","protected":false},"excerpt":{"rendered":"<p>Ideal f\u00fcr Allergiker &amp; sensible Hunde, mit dem norwegischen TASTE Ente Hundefutter erh\u00e4lt dein Hund ein Barffutter mit Monoprotein Ente.<\/p>\n<p>Hypoallergen: Entenfleisch gilt als seltene Proteinquelle, auf die Hunde deutlich seltener allergisch reagieren als auf Rind oder Huhn.<\/p>\n","protected":false},"featured_media":15287,"comment_status":"closed","ping_status":"closed","template":"","meta":{"inline_featured_image":false},"product_brand":[357],"product_cat":[300],"product_tag":[],"class_list":{"0":"post-15285","1":"product","2":"type-product","3":"status-publish","4":"has-post-thumbnail","6":"product_brand-vom-hundefutter-schweiz","7":"product_cat-hundefutter","8":"pa_besoin-alimentaire-normalgewicht","9":"pa_complement-empfindlich","10":"pa_complement-ohne-weizen","11":"pa_complement-glutenfrei","12":"pa_complement-ohne-soja","13":"pa_format-burger","14":"pa_genre-de-produit-monoprotein","15":"pa_phase-de-vie-erwachsen","16":"pa_phase-de-vie-senior","17":"pa_specificite-alimentaire-barf","18":"pa_specificite-alimentaire-monoproteine","19":"pa_type-de-besoin-activ","20":"pa_type-de-besoin-chien-de-travaiile","21":"pa_type-de-besoin-chien-expo","22":"pa_type-de-besoin-chien-de-familie","23":"pa_type-de-besoin-schlittenhund","24":"pa_type-de-besoin-sportif","26":"first","27":"outofstock","28":"featured","29":"taxable","30":"shipping-taxable","31":"purchasable","32":"product-type-simple"},"_links":{"self":[{"href":"https:\/\/senas.ch\/de\/wp-json\/wp\/v2\/product\/15285","targetHints":{"allow":["GET"]}}],"collection":[{"href":"https:\/\/senas.ch\/de\/wp-json\/wp\/v2\/product"}],"about":[{"href":"https:\/\/senas.ch\/de\/wp-json\/wp\/v2\/types\/product"}],"replies":[{"embeddable":true,"href":"https:\/\/senas.ch\/de\/wp-json\/wp\/v2\/comments?post=15285"}],"wp:featuredmedia":[{"embeddable":true,"href":"https:\/\/senas.ch\/de\/wp-json\/wp\/v2\/media\/15287"}],"wp:attachment":[{"href":"https:\/\/senas.ch\/de\/wp-json\/wp\/v2\/media?parent=15285"}],"wp:term":[{"taxonomy":"product_brand","embeddable":true,"href":"https:\/\/senas.ch\/de\/wp-json\/wp\/v2\/product_brand?post=15285"},{"taxonomy":"product_cat","embeddable":true,"href":"https:\/\/senas.ch\/de\/wp-json\/wp\/v2\/product_cat?post=15285"},{"taxonomy":"product_tag","embeddable":true,"href":"https:\/\/senas.ch\/de\/wp-json\/wp\/v2\/product_tag?post=15285"}],"curies":[{"name":"wp","href":"https:\/\/api.w.org\/{rel}","templated":true}]}}