{"id":2881,"date":"2025-06-23T10:18:20","date_gmt":"2025-06-23T10:18:20","guid":{"rendered":"https:\/\/senas.marketamine.ch\/produit\/gout-de-panse-de-boeuf-carton-15x-560g-boulettes-4\/"},"modified":"2026-01-13T16:10:13","modified_gmt":"2026-01-13T15:10:13","slug":"taste-rinderpansen-15x-560g-meatballs","status":"publish","type":"product","link":"https:\/\/senas.ch\/de\/boutique\/taste-rinderpansen-15x-560g-meatballs\/","title":{"rendered":"Taste Rinderpansen 15x 560g Meatballs"},"content":{"rendered":"<p><span class=\"oXzekf\" data-huuid=\"13617527130198089548\">Roher Rinderpansen enth\u00e4lt<\/span><span class=\"oXzekf\" data-huuid=\"13617527130198088021\"> eine Vielzahl von probiotischen Bakterien, die eine gesunde Darmflora f\u00f6rdern und die Verdauung unterst\u00fctzen.<\/span><span class=\"oXzekf\" data-huuid=\"13617527130198086494\"> Pansen ist reich an Vitaminen, Mineralstoffen und Enzymen, die f\u00fcr eine optimale Verdauung und den Stoffwechsel wichtig sind. <\/span>Die 20g Meatballs k\u00f6nnen schnell aufgetaut und leicht dosiert werden und k\u00f6nnen als Mahlzeit oder Snack verf\u00fcttert werden.<\/p>\n<p>VOM TASTE ist eine Produkteserie von Hundefutter mit Produkten von nur\u00a0einer Tierart oder einer Art Innereien. Es sind Produkte, die sich sehr gut als Erg\u00e4nzungsfutter eignen, zusammen mit Trockenfutter oder als Zutat in einem selbst zusammen gestellten Rohfleischfutter. Hier gilt es nach\u00a0eigenem Wunsch und Bedarf mischen. Allen Sorten k\u00f6nnen auch zeitweise als Alleinfuttermittel gef\u00fcttert werden, z.B. bei einer Eliminationsdi\u00e4t im Rahmen einer Allergiediagnose. Vorl\u00e4ufig haben wir im Angebot: 100% Huhn, 100% Lamm, 100% \u00a0Rind, 100% Rinderpansen. Allen Produkten der Taste Serie sind Vitamin- und Mineralstoff-Premixe zugesetzt. Den Produkten, die von Natur aus keine Knochen enthalten, ist etwas zus\u00e4tzliches Calcium beigemengt.<\/p>\n<p>Die Taste Serie gibt es bei uns nur in der Meatballs Version, 1 Beutel \u00e0 560g. Eine Schachtel enth\u00e4lt 15 Beutel.<\/p>\n<p><strong>VOM Taste Pansen 100%<\/strong><\/p>\n<p>Huhn ist einer der Rohstoffe, welcher sich am besten als Hundefutter eignet,<\/p>\n<p>da das Protein vom Huhn besonders hochwertig ist und ein sehr gutes Aminos\u00e4urenprofil hat.<\/p>\n<p>100% Huhn ist ein besonders geruchsarmes und schmackhaftes Produkt.<\/p>\n<p><strong>N\u00e4hrstoffe<\/strong><\/p>\n<div class=\"pos-top pos-center align_center column_parent col-lg-12 double-internal-gutter\">\n<div class=\"uncol style-light font-134980\">\n<div class=\"uncoltable\">\n<div class=\"uncell no-block-padding\">\n<div class=\"uncont\">\n<div class=\"uncode-tabs wpb_content_element\" data-interval=\"\">\n<div class=\"uncode-wrapper tab-container\">\n<div class=\"tab-content\">\n<div id=\"tab-1434114947-1-82d81c-98a8a3cd-f949\" class=\"tab-pane fade active in\">\n<div class=\"row-internal row-container\">\n<div class=\"row row-child\">\n<div class=\"row-inner\">\n<div class=\"pos-top pos-center align_left column_child col-lg-3 single-internal-gutter\">\n<div class=\"uncol style-light\">\n<div class=\"uncoltable\">\n<div class=\"uncell no-block-padding\">\n<div class=\"uncont\">\n<div class=\"uncode_text_column\">\n<ul>\n<li>Protein \u00a014 %<\/li>\n<li>Fett \u00a015 %<\/li>\n<li>Kohlenhydrate \u00a00 %<\/li>\n<li>Trockensubstanz \u00a037-38 %<\/li>\n<li>Asche \u00a05 %<\/li>\n<li>Kalzium \u00a01 %<\/li>\n<li>Phosphor \u00a00,6 %<\/li>\n<li>UE* \u00a01910 kcal\/kg<\/li>\n<li>UE* aus Fett \u00a073 %<\/li>\n<li>UE* aus Protein \u00a027 %<\/li>\n<\/ul>\n<\/div>\n<\/div>\n<\/div>\n<\/div>\n<\/div>\n<\/div>\n<\/div>\n<\/div>\n<\/div>\n<\/div>\n<\/div>\n<\/div>\n<\/div>\n<\/div>\n<\/div>\n<\/div>\n<\/div>\n<\/div>\n<p><strong>Ein kompletter Karton beinhaltet 15 x 560g Packungen an Fleisch.<\/strong><\/p>\n","protected":false},"excerpt":{"rendered":"<p>Mit der hohen Anzahl probiotischer Bakterien in VOM Rinderpansen sorgen die geschmackvollen Meatballs f\u00fcr eine gesunde Verdauung und eine gesunde Darmflora. Der Snack Favorit aller Hunde!<\/p>\n","protected":false},"featured_media":3070,"comment_status":"closed","ping_status":"closed","template":"","meta":{"inline_featured_image":false},"product_brand":[357],"product_cat":[300],"product_tag":[],"class_list":{"0":"post-2881","1":"product","2":"type-product","3":"status-publish","4":"has-post-thumbnail","6":"product_brand-vom-hundefutter-schweiz","7":"product_cat-hundefutter","8":"pa_besoin-alimentaire-normalgewicht","9":"pa_conditionnement-multipacks","10":"pa_format-fleischballchen","11":"pa_genre-de-produit-monoprotein","12":"pa_phase-de-vie-erwachsen","13":"pa_phase-de-vie-jeune-chien","14":"pa_phase-de-vie-senior","15":"pa_specificite-alimentaire-monoproteine","17":"first","18":"instock","19":"featured","20":"taxable","21":"shipping-taxable","22":"purchasable","23":"product-type-simple"},"_links":{"self":[{"href":"https:\/\/senas.ch\/de\/wp-json\/wp\/v2\/product\/2881","targetHints":{"allow":["GET"]}}],"collection":[{"href":"https:\/\/senas.ch\/de\/wp-json\/wp\/v2\/product"}],"about":[{"href":"https:\/\/senas.ch\/de\/wp-json\/wp\/v2\/types\/product"}],"replies":[{"embeddable":true,"href":"https:\/\/senas.ch\/de\/wp-json\/wp\/v2\/comments?post=2881"}],"wp:featuredmedia":[{"embeddable":true,"href":"https:\/\/senas.ch\/de\/wp-json\/wp\/v2\/media\/3070"}],"wp:attachment":[{"href":"https:\/\/senas.ch\/de\/wp-json\/wp\/v2\/media?parent=2881"}],"wp:term":[{"taxonomy":"product_brand","embeddable":true,"href":"https:\/\/senas.ch\/de\/wp-json\/wp\/v2\/product_brand?post=2881"},{"taxonomy":"product_cat","embeddable":true,"href":"https:\/\/senas.ch\/de\/wp-json\/wp\/v2\/product_cat?post=2881"},{"taxonomy":"product_tag","embeddable":true,"href":"https:\/\/senas.ch\/de\/wp-json\/wp\/v2\/product_tag?post=2881"}],"curies":[{"name":"wp","href":"https:\/\/api.w.org\/{rel}","templated":true}]}}