{"id":2887,"date":"2025-06-23T10:18:33","date_gmt":"2025-06-23T10:18:33","guid":{"rendered":"https:\/\/senas.marketamine.ch\/produit\/maintenance-2\/"},"modified":"2026-02-22T18:27:31","modified_gmt":"2026-02-22T17:27:31","slug":"easypack-puppy","status":"publish","type":"product","link":"https:\/\/senas.ch\/de\/boutique\/easypack-puppy\/","title":{"rendered":"Easypack Puppy"},"content":{"rendered":"<p>Das VOM Puppy ist ein Rohfutter aus Huhn, Rinderpansen, Lachs, Eiern und Rinderleber speziell f\u00fcr Hunde im Wachstum. Die praktischen 220g\u00a0 Burgerscheiben versorgen Welpen und Junghunde mit allen notwendigen N\u00e4hrstoffen und decken insbesondere dessen Protein und Energiebedarf vollst\u00e4ndig ab.<\/p>\n<p>VOM og Hundemat hat eine eigene Hundefutter Mischung f\u00fcr Welpen entwickelt, die aus H\u00e4hnchen, Rinderpansen, Lachs, Eiern und Ochsenleber besteht. Die Mischung versorgt die Welpen reichlich mit notwendigen N\u00e4hrstoffen und ber\u00fccksichtigt besonders den Protein- und Energiebedarf der Welpen.<\/p>\n<p>&nbsp;<\/p>\n<p><strong>VOM Puppy Hundefutter<\/strong><\/p>\n<p>Das Welpenfutter kann ab einem Alter von 3-4 Wochen alleine oder in Kombination mit anderem Welpenfutter (Trockenfutter oder Feuchtfutter) gegeben werden, bis das Wachstum des Hundes abgeschlossen ist. Das Welpenfutter eignet sich auch gut f\u00fcr tr\u00e4chtige oder s\u00e4ugende H\u00fcndinnen.<\/p>\n<p>&nbsp;<\/p>\n<p>Als richtige Futtermenge k\u00f6nnen Sie den Welpen t\u00e4glich 4-5% ihres K\u00f6rpergewichts geben, bis sie ca. 40% des zu erwartenden Erwachsenengewichts haben. Wenn die Welpen 40% erreicht haben, k\u00f6nnen Sie ihnen 3,5% des K\u00f6rpergewichts geben, bis sie 80% des erwachsenen K\u00f6rpergewichts erreicht haben. Danach k\u00f6nnen Sie allm\u00e4hlich auf t\u00e4glich ca. 2% des K\u00f6rpergewichts reduzieren, bis sie ausgewachsen sind.<\/p>\n<p>Der Energiebedarf der Welpen richtet sich gr\u00f6\u00dftenteils nach Rasse, Umfeld, Stress- und Aktivit\u00e4tsniveau, und es ist wichtig, dass man ausprobiert, was die perfekte Tagesration ist, und danach anpasst.<\/p>\n<p>Achten Sie auf den Appetit der Welpen: sie sollten fressen, wenn ihnen Futter vorgesetzt wird. M\u00f6chten die Welpen nicht fressen, sollten Sie das Futter wegnehmen. Widerstehen Sie der Verlockung, einem wenig fressenden Hund immer schmackhaftere Kost vorzusetzen. Welpen m\u00fcssen gut gen\u00e4hrt sein ohne \u00fcbergewichtig zu sein. 500g Wurst.<\/p>\n<p>&nbsp;<\/p>\n<p><strong>N\u00e4hrwerte<\/strong><\/p>\n<p>Protein \u00a016 %<br \/>\nFett \u00a016 %<br \/>\nKohlenhydrate \u00a00 %<br \/>\nTrockensubstanz \u00a033-35 %<br \/>\nAsche \u00a05 %<br \/>\nKalzium \u00a00,9 %<br \/>\nPhosphor \u00a00,6 %<br \/>\nUE* \u00a02080 kcal\/kg<br \/>\nUE* aus Fett \u00a071 %<br \/>\nUE* aus Protein \u00a029 %<\/p>\n","protected":false},"excerpt":{"rendered":"<p>Mit VOM Puppy bekommt dein Welpe genau die nat\u00fcrliche, artgerechte Ern\u00e4hrung, die sein K\u00f6rper von Anfang an verdient. Denn jedes gesunde Wachstum beginnt mit hochwertigem fleischbasierten Futter von VOM, dem du als verantwortungsvoller Hundemensch vertrauen kannst. Die praktischen 220g\u00a0 Burgerscheiben sind einfach zu dosieren.<\/p>\n","protected":false},"featured_media":3013,"comment_status":"closed","ping_status":"closed","template":"","meta":{"inline_featured_image":false},"product_brand":[357],"product_cat":[300],"product_tag":[],"class_list":{"0":"post-2887","1":"product","2":"type-product","3":"status-publish","4":"has-post-thumbnail","6":"product_brand-vom-hundefutter-schweiz","7":"product_cat-hundefutter","8":"pa_besoin-alimentaire-wachstumsphase","9":"pa_complement-empfindlich","10":"pa_complement-ohne-weizen","11":"pa_conditionnement-multipacks","12":"pa_format-burger","13":"pa_phase-de-vie-jeune-chien","14":"pa_phase-de-vie-chiot","15":"pa_specificite-alimentaire-complet","16":"pa_specificite-alimentaire-barf","18":"first","19":"outofstock","20":"featured","21":"taxable","22":"shipping-taxable","23":"purchasable","24":"product-type-simple"},"_links":{"self":[{"href":"https:\/\/senas.ch\/de\/wp-json\/wp\/v2\/product\/2887","targetHints":{"allow":["GET"]}}],"collection":[{"href":"https:\/\/senas.ch\/de\/wp-json\/wp\/v2\/product"}],"about":[{"href":"https:\/\/senas.ch\/de\/wp-json\/wp\/v2\/types\/product"}],"replies":[{"embeddable":true,"href":"https:\/\/senas.ch\/de\/wp-json\/wp\/v2\/comments?post=2887"}],"wp:featuredmedia":[{"embeddable":true,"href":"https:\/\/senas.ch\/de\/wp-json\/wp\/v2\/media\/3013"}],"wp:attachment":[{"href":"https:\/\/senas.ch\/de\/wp-json\/wp\/v2\/media?parent=2887"}],"wp:term":[{"taxonomy":"product_brand","embeddable":true,"href":"https:\/\/senas.ch\/de\/wp-json\/wp\/v2\/product_brand?post=2887"},{"taxonomy":"product_cat","embeddable":true,"href":"https:\/\/senas.ch\/de\/wp-json\/wp\/v2\/product_cat?post=2887"},{"taxonomy":"product_tag","embeddable":true,"href":"https:\/\/senas.ch\/de\/wp-json\/wp\/v2\/product_tag?post=2887"}],"curies":[{"name":"wp","href":"https:\/\/api.w.org\/{rel}","templated":true}]}}