{"id":3426,"date":"2025-09-30T12:30:57","date_gmt":"2025-09-30T12:30:57","guid":{"rendered":"https:\/\/senas.marketamine.ch\/produit\/bike-antenne-klickfix\/"},"modified":"2025-12-17T13:41:39","modified_gmt":"2025-12-17T13:41:39","slug":"bike-antenne-klickfix","status":"publish","type":"product","link":"https:\/\/senas.ch\/de\/boutique\/bike-antenne-klickfix\/","title":{"rendered":"Bike Antenne Klickfix"},"content":{"rendered":"<p><strong>Eine abnehmbare Bikeantenne, die daf\u00fcr sorgt, dass sich die zugleune nicht im Vorderreifen des Fahrrads verf\u00e4ngt.<\/strong><\/p>\n<p>Sicherheit steht bei Hochgeschwindigkeitsaktivit\u00e4ten an erster Stelle: Mit der Bikeantenne KLICKfix wird verhindert, dass sich die Zugleine im Vorderrad verf\u00e4ngt. Wenn Du Dein Rad auch ohne Hund nutzt, kann die Antenne ganz leicht mit einem Klick entfernt werden. Diese Bikeantenne ist mit und ohne den KLICKfix Adapter erh\u00e4ltlich. Der Adapter kann mit allen anderen KLICKfix Produkten kombiniert werden.<\/p>\n<p>Spezifikation:<\/p>\n<ul>\n<li>Leichtes Aluminium<\/li>\n<li>Passt auf Lenker mit Durchmesser 22-26 mm oder 31,8 mm<\/li>\n<li>L\u00e4nge: Bikeantenne: 49 cm<\/li>\n<li>L\u00e4nge Adapter: 7 cm<\/li>\n<li>Gewicht: 265 Gramm<\/li>\n<\/ul>\n","protected":false},"excerpt":{"rendered":"<p>Die KLICKfix Bikeantenne f\u00fchrt die Zugleine sicher \u00fcber das Vorderrad des Bikes oder Scooters und sorgt mit robuster Biegem\u00f6glichkeit f\u00fcr optimalen und sicheren Fahrkomfort beim Bike- und Scooterj\u00f6ring.<\/p>\n","protected":false},"featured_media":4423,"comment_status":"closed","ping_status":"closed","template":"","meta":{"inline_featured_image":false},"product_brand":[183],"product_cat":[179],"product_tag":[],"class_list":{"0":"post-3426","1":"product","2":"type-product","3":"status-publish","4":"has-post-thumbnail","6":"product_brand-non-stop","7":"product_cat-zubeheor","8":"pa_type-de-besoin-activ","9":"pa_type-de-besoin-schlittenhund","10":"pa_type-de-besoin-sportif","11":"pa_type-de-produit-bikejoering","12":"pa_type-de-produit-hundesport","13":"pa_type-de-produit-mushing","15":"first","16":"onbackorder","17":"taxable","18":"shipping-taxable","19":"purchasable","20":"product-type-simple"},"_links":{"self":[{"href":"https:\/\/senas.ch\/de\/wp-json\/wp\/v2\/product\/3426","targetHints":{"allow":["GET"]}}],"collection":[{"href":"https:\/\/senas.ch\/de\/wp-json\/wp\/v2\/product"}],"about":[{"href":"https:\/\/senas.ch\/de\/wp-json\/wp\/v2\/types\/product"}],"replies":[{"embeddable":true,"href":"https:\/\/senas.ch\/de\/wp-json\/wp\/v2\/comments?post=3426"}],"wp:featuredmedia":[{"embeddable":true,"href":"https:\/\/senas.ch\/de\/wp-json\/wp\/v2\/media\/4423"}],"wp:attachment":[{"href":"https:\/\/senas.ch\/de\/wp-json\/wp\/v2\/media?parent=3426"}],"wp:term":[{"taxonomy":"product_brand","embeddable":true,"href":"https:\/\/senas.ch\/de\/wp-json\/wp\/v2\/product_brand?post=3426"},{"taxonomy":"product_cat","embeddable":true,"href":"https:\/\/senas.ch\/de\/wp-json\/wp\/v2\/product_cat?post=3426"},{"taxonomy":"product_tag","embeddable":true,"href":"https:\/\/senas.ch\/de\/wp-json\/wp\/v2\/product_tag?post=3426"}],"curies":[{"name":"wp","href":"https:\/\/api.w.org\/{rel}","templated":true}]}}