{"id":3554,"date":"2025-09-30T12:32:09","date_gmt":"2025-09-30T12:32:09","guid":{"rendered":"https:\/\/senas.marketamine.ch\/produit\/leine\/"},"modified":"2026-03-07T17:47:15","modified_gmt":"2026-03-07T16:47:15","slug":"leine","status":"publish","type":"product","link":"https:\/\/senas.ch\/de\/boutique\/leine\/","title":{"rendered":"Leine"},"content":{"rendered":"<p>Die MR Koppel Leine ist eine multifunktionale Hundeleine mit einem eingebauten starken Ruckd\u00e4mpfer. Der D\u00e4mpfer ist geeignet f\u00fcr starke oder ziehende Hunde.\u00a0 Die Hundeleine aus Polyesterband ist von einer schwedischen Frau mit nordischen Hunden entwickelt worden und wird heute noch dort von Hand gemacht.<\/p>\n<p>Die Leine hat einige Ringe, um den Griff der langen Leine beliebig zu verl\u00e4ngern oder zu verk\u00fcrzen. Sie kann so auch in verschiedener L\u00e4nge um den Bauch befestigt werden und erm\u00f6glicht so einen angenehmen handfreien Spaziergang. Sie ist aber auch geeignet um am Bauchgurt zu befestigen und so lange Wanderungen zu unternehmen. Oder einfach als robuste Alltagsleine. Die Leine hat einen zus\u00e4tzlichen Griff, falls Sie den Hund kurz halten m\u00f6chten.<\/p>\n<ul>\n<li>Taillenumfang: 76-118cm<\/li>\n<li>L\u00e4nge: 241 cm.<\/li>\n<\/ul>\n","protected":false},"excerpt":{"rendered":"<p>Diese multifunktionale Hundeleine mit integriertem Ruckd\u00e4mpfer ist \u00e4usserst robust und langlebig und der unverzichtbare Begleiter f\u00fcr Wanderungen und Abenteuer mit deinem Hund. Sie kann problemlos um den Bauch gebunden werden um die H\u00e4nde frei zu halten und der starke Ruckd\u00e4mpfer sorgt f\u00fcr eine angenehme D\u00e4mpfung des ziehenden Hundes.<\/p>\n","protected":false},"featured_media":4406,"comment_status":"closed","ping_status":"closed","template":"","meta":{"inline_featured_image":false},"product_brand":[359],"product_cat":[179],"product_tag":[],"class_list":{"0":"post-3554","1":"product","2":"type-product","3":"status-publish","4":"has-post-thumbnail","6":"product_brand-mr-koppel","7":"product_cat-zubeheor","8":"pa_couleur-blau","9":"pa_couleur-gelb","10":"pa_couleur-gruen","11":"pa_couleur-olivegruen","12":"pa_couleur-orange","13":"pa_couleur-reflex-blau","14":"pa_couleur-reflex-gelb","15":"pa_couleur-reflex-grau","16":"pa_couleur-reflex-olivegruen","17":"pa_couleur-reflex-pink","18":"pa_couleur-reflex-rot","19":"pa_couleur-reflex-violett","20":"pa_couleur-rot","21":"pa_couleur-schwarz","22":"pa_couleur-silber","23":"pa_couleur-violett","24":"pa_couleur-weinrot","25":"pa_phase-de-vie-erwachsen","26":"pa_phase-de-vie-jeune-chien","27":"pa_phase-de-vie-senior","28":"pa_type-de-besoin-activ","29":"pa_type-de-besoin-chien-de-travaiile","30":"pa_type-de-besoin-schlittenhund","31":"pa_type-de-besoin-sportif","32":"pa_type-de-produit-canicross","33":"pa_type-de-produit-hundesport","34":"pa_type-de-produit-leine","35":"pa_type-de-produit-cani-rando","37":"first","38":"instock","39":"taxable","40":"shipping-taxable","41":"purchasable","42":"product-type-variable"},"_links":{"self":[{"href":"https:\/\/senas.ch\/de\/wp-json\/wp\/v2\/product\/3554","targetHints":{"allow":["GET"]}}],"collection":[{"href":"https:\/\/senas.ch\/de\/wp-json\/wp\/v2\/product"}],"about":[{"href":"https:\/\/senas.ch\/de\/wp-json\/wp\/v2\/types\/product"}],"replies":[{"embeddable":true,"href":"https:\/\/senas.ch\/de\/wp-json\/wp\/v2\/comments?post=3554"}],"wp:featuredmedia":[{"embeddable":true,"href":"https:\/\/senas.ch\/de\/wp-json\/wp\/v2\/media\/4406"}],"wp:attachment":[{"href":"https:\/\/senas.ch\/de\/wp-json\/wp\/v2\/media?parent=3554"}],"wp:term":[{"taxonomy":"product_brand","embeddable":true,"href":"https:\/\/senas.ch\/de\/wp-json\/wp\/v2\/product_brand?post=3554"},{"taxonomy":"product_cat","embeddable":true,"href":"https:\/\/senas.ch\/de\/wp-json\/wp\/v2\/product_cat?post=3554"},{"taxonomy":"product_tag","embeddable":true,"href":"https:\/\/senas.ch\/de\/wp-json\/wp\/v2\/product_tag?post=3554"}],"curies":[{"name":"wp","href":"https:\/\/api.w.org\/{rel}","templated":true}]}}