{"id":3818,"date":"2025-09-30T12:40:03","date_gmt":"2025-09-30T12:40:03","guid":{"rendered":"https:\/\/senas.marketamine.ch\/produit\/trekkinggeschirr-gross-blau\/"},"modified":"2025-12-27T11:52:21","modified_gmt":"2025-12-27T10:52:21","slug":"trekkinggeschirr-blau-2","status":"publish","type":"product","link":"https:\/\/senas.ch\/de\/boutique\/trekkinggeschirr-blau-2\/","title":{"rendered":"Trekkinggeschirr blau"},"content":{"rendered":"<p>Die MR Koppel Trekkinggeschirre werden von einem kleinen schwedischen Familienunternehmen von Hand gefertigt. Die Geschirre sind extrem stabil, langlebig und gut gepolstert. Sie haben aufgen\u00e4hte Reflektorenstreifen f\u00fcr eine gute Sichtbarkeit im Dunkeln. Sie gefrieren nicht im Schnee und saugen sich nicht mit Wasser voll, k\u00f6nnen aber problemlos mehrmals in der Maschine gewaschen werden.<\/p>\n<p>Die Geschirre haben einen ausgezeichneten Schnitt und verrutschen nicht wie die meisten herk\u00f6mmlichen Geschirre auf die Seite. Die Hunde haben im MR Koppel Geschirr genug Beinfreiheit. Sie verf\u00fcgen \u00fcber zwei \u00a0O \u2013 Ringe zum festmachen des Hundes und zwei robusten Klickverschl\u00fcssen seitlich am R\u00fccken.\u00a0 Das Geschirr ist auf beiden Seiten der Brust gr\u00f6ssenverstellbar.<\/p>\n<p>Die Geschirre gibt es in vielen verschiedenen leuchtenden Farben und 9 verschiedenen Gr\u00f6ssen f\u00fcr Chihuahuas bis Doggen geeignet.<\/p>\n<p>&nbsp;<\/p>\n<p><strong>Wichtig:<\/strong><\/p>\n<p>Vor der Bestellung messen sie die Gr\u00f6\u00dfe des Hundes um den Hals und der Brust.<\/p>\n<p>Nr. 1 Hals\u00f6ffnung 36 cm, Brust 45 cm, Band 20 mm<br \/>\nNr. 2 Hals\u00f6ffnung 40 cm, Brust 50 cm, Band 20 mm<br \/>\nNr. 3 Hals\u00f6ffnung 44 cm, Brust 55 cm, Band 25 mm<br \/>\nNr. 4 Hals\u00f6ffnung 48 cm, Brust 60 cm. Band 25 mm<\/p>\n<p>Nr 5 Hals\u00f6ffnung 52 cm, Brust 65 cm, Band 25 mm<br \/>\nNr 6 Hals\u00f6ffnung 56 cm, Brust 70 cm, Band 25 mm<br \/>\nNr 7 Hals\u00f6ffnung 60 cm, Brust 75 cm, Band 25 mm<br \/>\nNr 8 Hals\u00f6ffnung 64 cm, Brust 80 cm, Band 25 mm<\/p>\n","protected":false},"excerpt":{"rendered":"<p>Die MR Koppel Trekkinggeschirre werden von einem kleinen schwedischen Familienunternehmen von Hand gefertigt. Die Geschirre sind extrem stabil, langlebig und gut gepolstert. Sie haben aufgen\u00e4hte Reflektorenstreifen f\u00fcr eine gute Sichtbarkeit im Dunkeln. Sie gefrieren nicht im Schnee und saugen sich nicht mit Wasser voll, k\u00f6nnen aber problemlos mehrmals in der Maschine gewaschen werden. Die Geschirre [&hellip;]<\/p>\n","protected":false},"featured_media":4871,"comment_status":"closed","ping_status":"closed","template":"","meta":{"inline_featured_image":false},"product_brand":[359],"product_cat":[179],"product_tag":[],"class_list":{"0":"post-3818","1":"product","2":"type-product","3":"status-publish","4":"has-post-thumbnail","6":"product_brand-mr-koppel","7":"product_cat-zubeheor","8":"pa_couleur-blau","9":"pa_materiel-ripstop","10":"pa_phase-de-vie-erwachsen","11":"pa_phase-de-vie-jeune-chien","12":"pa_phase-de-vie-senior","13":"pa_taille-185","14":"pa_taille-192","15":"pa_taille-193","16":"pa_taille-194","17":"pa_taille-195","18":"pa_taille-196","19":"pa_taille-197","20":"pa_taille-249","21":"pa_type-de-besoin-activ","22":"pa_type-de-besoin-chien-acompanie","23":"pa_type-de-besoin-standard","24":"pa_type-de-produit-canicross","25":"pa_type-de-produit-harnais","26":"pa_type-de-produit-hundesport","27":"pa_type-de-produit-trekking","28":"pa_type-de-produit-cani-rando","30":"first","31":"instock","32":"taxable","33":"shipping-taxable","34":"purchasable","35":"product-type-variable"},"_links":{"self":[{"href":"https:\/\/senas.ch\/de\/wp-json\/wp\/v2\/product\/3818","targetHints":{"allow":["GET"]}}],"collection":[{"href":"https:\/\/senas.ch\/de\/wp-json\/wp\/v2\/product"}],"about":[{"href":"https:\/\/senas.ch\/de\/wp-json\/wp\/v2\/types\/product"}],"replies":[{"embeddable":true,"href":"https:\/\/senas.ch\/de\/wp-json\/wp\/v2\/comments?post=3818"}],"wp:featuredmedia":[{"embeddable":true,"href":"https:\/\/senas.ch\/de\/wp-json\/wp\/v2\/media\/4871"}],"wp:attachment":[{"href":"https:\/\/senas.ch\/de\/wp-json\/wp\/v2\/media?parent=3818"}],"wp:term":[{"taxonomy":"product_brand","embeddable":true,"href":"https:\/\/senas.ch\/de\/wp-json\/wp\/v2\/product_brand?post=3818"},{"taxonomy":"product_cat","embeddable":true,"href":"https:\/\/senas.ch\/de\/wp-json\/wp\/v2\/product_cat?post=3818"},{"taxonomy":"product_tag","embeddable":true,"href":"https:\/\/senas.ch\/de\/wp-json\/wp\/v2\/product_tag?post=3818"}],"curies":[{"name":"wp","href":"https:\/\/api.w.org\/{rel}","templated":true}]}}