{"id":3950,"date":"2025-09-30T12:41:29","date_gmt":"2025-09-30T12:41:29","guid":{"rendered":"https:\/\/senas.marketamine.ch\/produit\/blest-jacket\/"},"modified":"2025-12-17T13:39:38","modified_gmt":"2025-12-17T13:39:38","slug":"blest-jacket","status":"publish","type":"product","link":"https:\/\/senas.ch\/de\/boutique\/blest-jacket\/","title":{"rendered":"Blest Jacket"},"content":{"rendered":"<p>Entwickelt in Zusammenarbeit mit weltklasse Mushern und Schlittenhunden, setzt die\u00a0<strong>Long Distance Light Jacket<\/strong>\u00a0neue Ma\u00dfst\u00e4be in Sachen Schutz und Komfort bei eisigen Temperaturen. Als Weiterentwicklung der bew\u00e4hrten Blest Jacket ist sie ideal f\u00fcr Rennen und Ruhepausen.<\/p>\n<p>Die \u00e4u\u00dfere Schicht aus wind- und wasserdichtem\u00a0<strong>Ripstop-Shell<\/strong>\u00a0sch\u00fctzt deinen Hund zuverl\u00e4ssig vor den Elementen. Die leichte, recycelte\u00a0<strong>Primaloft\u00ae Silver-Isolierung<\/strong>\u00a0bietet ein hervorragendes W\u00e4rme-Gewichts-Verh\u00e4ltnis und l\u00e4sst sich platzsparend in Schlitten, Trinkg\u00fcrtel oder Pulka verstauen. Ein glattes Ripstop-Innenfutter verhindert Scheuerstellen und sorgt f\u00fcr maximalen Tragekomfort.<\/p>\n<p>Dank kr\u00e4ftiger Klettverschl\u00fcsse an Hals und Bauch sitzt die Jacke sicher und bleibt auch bei Wind an Ort und Stelle. Eine optionale Genitalschutzabdeckung f\u00fcr R\u00fcden und reflektierende Details erh\u00f6hen Sicherheit und Funktionalit\u00e4t.<\/p>\n<p>Ergonomisch auf die Bewegungen von Schlittenhunden abgestimmt, bietet die Jacke volle Bewegungsfreiheit, w\u00e4hrend sie Brust, Schultern, Oberschenkel und Bauch sch\u00fctzt.<\/p>\n<p>Die\u00a0<strong>Long Distance Light Jacket<\/strong>\u00a0ist in Blau und den Gr\u00f6\u00dfen\u00a0<strong>S bis XL<\/strong>\u00a0erh\u00e4ltlich \u2013 ideal f\u00fcr aktive Hunde, die Abenteuer lieben.<\/p>\n","protected":false},"excerpt":{"rendered":"<p>Ultraleichter Wintermantel f\u00fcr Schlittenhunde in extremen Bedingungen.<\/p>\n","protected":false},"featured_media":4400,"comment_status":"closed","ping_status":"closed","template":"","meta":{"inline_featured_image":false},"product_brand":[183],"product_cat":[179],"product_tag":[],"class_list":{"0":"post-3950","1":"product","2":"type-product","3":"status-publish","4":"has-post-thumbnail","6":"product_brand-non-stop","7":"product_cat-zubeheor","8":"pa_materiel-isolation","9":"pa_phase-de-vie-erwachsen","10":"pa_phase-de-vie-jeune-chien","11":"pa_phase-de-vie-senior","12":"pa_taille-l","13":"pa_taille-m","14":"pa_taille-s","15":"pa_type-de-besoin-chien-de-travaiile","16":"pa_type-de-besoin-schlittenhund","17":"pa_type-de-besoin-sportif","18":"pa_type-de-produit-hundesport","19":"pa_type-de-produit-manteau","20":"pa_type-de-produit-mushing","22":"first","23":"instock","24":"taxable","25":"shipping-taxable","26":"purchasable","27":"product-type-variable"},"_links":{"self":[{"href":"https:\/\/senas.ch\/de\/wp-json\/wp\/v2\/product\/3950","targetHints":{"allow":["GET"]}}],"collection":[{"href":"https:\/\/senas.ch\/de\/wp-json\/wp\/v2\/product"}],"about":[{"href":"https:\/\/senas.ch\/de\/wp-json\/wp\/v2\/types\/product"}],"replies":[{"embeddable":true,"href":"https:\/\/senas.ch\/de\/wp-json\/wp\/v2\/comments?post=3950"}],"wp:featuredmedia":[{"embeddable":true,"href":"https:\/\/senas.ch\/de\/wp-json\/wp\/v2\/media\/4400"}],"wp:attachment":[{"href":"https:\/\/senas.ch\/de\/wp-json\/wp\/v2\/media?parent=3950"}],"wp:term":[{"taxonomy":"product_brand","embeddable":true,"href":"https:\/\/senas.ch\/de\/wp-json\/wp\/v2\/product_brand?post=3950"},{"taxonomy":"product_cat","embeddable":true,"href":"https:\/\/senas.ch\/de\/wp-json\/wp\/v2\/product_cat?post=3950"},{"taxonomy":"product_tag","embeddable":true,"href":"https:\/\/senas.ch\/de\/wp-json\/wp\/v2\/product_tag?post=3950"}],"curies":[{"name":"wp","href":"https:\/\/api.w.org\/{rel}","templated":true}]}}