{"id":3976,"date":"2025-09-30T12:41:49","date_gmt":"2025-09-30T12:41:49","guid":{"rendered":"https:\/\/senas.marketamine.ch\/produit\/nansen-stick-geschirr\/"},"modified":"2025-12-17T13:39:03","modified_gmt":"2025-12-17T13:39:03","slug":"nansen-stick-geschirr","status":"publish","type":"product","link":"https:\/\/senas.ch\/de\/boutique\/nansen-stick-geschirr\/","title":{"rendered":"Nansen Stick Geschirr"},"content":{"rendered":"<p>Dieses Zuggeschirr wurde speziell entwickelt, um den Druck auf die H\u00fcften und den R\u00fccken des Hundes zu minimieren.<\/p>\n<p>Das Nansen Stick Geschirr ist f\u00fcr hart arbeitende Hunde gemacht, die eine konstante Last, wie ein Schlitten oder andere Gewichte mit einem tiefen Zugpunkt, zu ziehen haben. Dieses Geschirr wurde gemeinsam mit dem mehrfachen Iditarod-Champion, Dallas Seavey, entwickelt. Er wollte das Problem l\u00f6sen, das viele Musher mit den hintersten Hunden haben, welche R\u00fccken- und H\u00fcftbeschwerden ausgesetzt sind. Das Ergebnis ist das Nansen Stick Harness, mit welchem die Belastung auf dem hinteren R\u00fccken des Hundes, im Vergleich zum Nansen Nome Harness, verringert wird.<\/p>\n<p>Das Geschirr ist l\u00e4nger als die \u00fcblichen Zuggeschirre und verf\u00fcgt \u00fcber elastische Gummiz\u00fcge \u00fcber dem H\u00fcftbereich des Hundes um das Geschirr zu stabilisieren. Am Ende des Geschirres hat es einen leichten Stick, der daf\u00fcr sorgt, dass der Hund die Zuglast gleichm\u00e4ssig \u00fcber seinen K\u00f6rper verteilt wird. Das Geschirr eignet sich hervorragend um Junghunde im Gespann anzutrainieren, dass sie gerade vorne weg laufen und keine Schr\u00e4gl\u00e4ufer werden.<\/p>\n","protected":false},"excerpt":{"rendered":"<p>Das Stick-Harness von Non Stop ist ein speziell entwickeltes Zuggeschirr f\u00fcr hart arbeitende Zugsporthunde mit einem Stick am Ende des Geschirres, welcher f\u00fcr eine Entlastung des mittleren und hinteren R\u00fcckenbereiches des Hundes sorgt.<\/p>\n","protected":false},"featured_media":4204,"comment_status":"closed","ping_status":"closed","template":"","meta":{"inline_featured_image":false},"product_brand":[183],"product_cat":[179],"product_tag":[],"class_list":{"0":"post-3976","1":"product","2":"type-product","3":"status-publish","4":"has-post-thumbnail","6":"product_brand-non-stop","7":"product_cat-zubeheor","8":"pa_materiel-ripstop","9":"pa_phase-de-vie-erwachsen","10":"pa_phase-de-vie-jeune-chien","11":"pa_taille-255","12":"pa_taille-10-5","13":"pa_taille-193","14":"pa_taille-4-5","15":"pa_taille-194","16":"pa_taille-5-5","17":"pa_taille-195","18":"pa_taille-6-5","19":"pa_taille-196","20":"pa_taille-7-5","21":"pa_taille-197","22":"pa_taille-8-5","23":"pa_taille-249","24":"pa_taille-9-5","25":"pa_type-de-besoin-activ","26":"pa_type-de-besoin-chien-de-travaiile","27":"pa_type-de-besoin-sportif","28":"pa_type-de-produit-bikejoering","29":"pa_type-de-produit-canicross","30":"pa_type-de-produit-mushing","31":"pa_type-de-produit-skijoering","32":"pa_type-de-produit-harnais-traction","34":"first","35":"instock","36":"taxable","37":"shipping-taxable","38":"purchasable","39":"product-type-variable"},"_links":{"self":[{"href":"https:\/\/senas.ch\/de\/wp-json\/wp\/v2\/product\/3976","targetHints":{"allow":["GET"]}}],"collection":[{"href":"https:\/\/senas.ch\/de\/wp-json\/wp\/v2\/product"}],"about":[{"href":"https:\/\/senas.ch\/de\/wp-json\/wp\/v2\/types\/product"}],"replies":[{"embeddable":true,"href":"https:\/\/senas.ch\/de\/wp-json\/wp\/v2\/comments?post=3976"}],"wp:featuredmedia":[{"embeddable":true,"href":"https:\/\/senas.ch\/de\/wp-json\/wp\/v2\/media\/4204"}],"wp:attachment":[{"href":"https:\/\/senas.ch\/de\/wp-json\/wp\/v2\/media?parent=3976"}],"wp:term":[{"taxonomy":"product_brand","embeddable":true,"href":"https:\/\/senas.ch\/de\/wp-json\/wp\/v2\/product_brand?post=3976"},{"taxonomy":"product_cat","embeddable":true,"href":"https:\/\/senas.ch\/de\/wp-json\/wp\/v2\/product_cat?post=3976"},{"taxonomy":"product_tag","embeddable":true,"href":"https:\/\/senas.ch\/de\/wp-json\/wp\/v2\/product_tag?post=3976"}],"curies":[{"name":"wp","href":"https:\/\/api.w.org\/{rel}","templated":true}]}}