{"id":3995,"date":"2025-09-30T12:42:00","date_gmt":"2025-09-30T12:42:00","guid":{"rendered":"https:\/\/senas.marketamine.ch\/produit\/trekking-bauchgurt-violett\/"},"modified":"2025-12-17T13:38:47","modified_gmt":"2025-12-17T13:38:47","slug":"trekking-bauchgurt-violett","status":"publish","type":"product","link":"https:\/\/senas.ch\/de\/boutique\/trekking-bauchgurt-violett\/","title":{"rendered":"Trekking Bauchgurt (violett)"},"content":{"rendered":"<p>Non Stop Trekking Gurt 2.0<\/p>\n<p>Ein langlebiger und vielseitiger Gurt f\u00fcr alle, die mit ihren Hunden aktiv sein und gleichzeitig die H\u00e4nde frei haben wollen. Wenn dein Hund an der Leine zieht, wird dieser Gurt eure Ausfl\u00fcge um einiges komfortabler machen.<\/p>\n<p>Der Trekking Belt 2.0\u00a0 ist leicht und vielseitig, ob f\u00fcr einen kurzen Spaziergang oder eine lange Wanderung. Ein ziehender Hund an der Leine zu halten ist m\u00fchsam und unangenehm. Mit einem H\u00fcftgurt kann dieser Frust zur Freude werden. Der breite Gurt verteilt den Zug auf eine gro\u00dfe Fl\u00e4che um die H\u00fcfte\/Kreuz, was ein angenehmes laufen mit dem Hund erm\u00f6glicht.\u00a0 Mit diesem Gurt ist dein Hund wirklich einfacher zu kontrollieren und mit geeigneter Ruckd\u00e4mpferleine dazu eine Entlastung f\u00fcr deinen K\u00f6rper. \u00dcber den festen Haken vorne am Gurt, kann die Leine beliebig eingek\u00fcrzt und festgemacht werden.<\/p>\n<p>Der Trekking Gurt ist in drei Gr\u00f6\u00dfen erh\u00e4ltlich und um die H\u00fcfte und die Beine verstellbar. Die Beinriemen halten den Gurt in einer optimalen Position, sodass er nicht hochrutsch. Sie k\u00f6nnen aber auch leicht entfernt werden. Dieser Gurt ist leicht an- und auszuziehen.<\/p>\n<p>Der Non Stop Trekking Gurt gibt es in zwei Farben, schwarz und lila. Der H\u00fcftgurt hat reflektierende S\u00e4ume und ein reflektierendes Logo f\u00fcr eine hohe Sichtbarkeit im Dunkeln.<\/p>\n","protected":false},"excerpt":{"rendered":"<p>Dieser gut gepolsterte H\u00fcftgurt von Non Stop macht deine Ausfl\u00fcge, Spazierg\u00e4nge, Wanderungen oder Skitouren zu angenehmen Erlebnissen mit deinem Hund.<\/p>\n","protected":false},"featured_media":4198,"comment_status":"closed","ping_status":"closed","template":"","meta":{"inline_featured_image":false},"product_brand":[183],"product_cat":[179],"product_tag":[],"class_list":{"0":"post-3995","1":"product","2":"type-product","3":"status-publish","4":"has-post-thumbnail","6":"product_brand-non-stop","7":"product_cat-zubeheor","8":"pa_couleur-violett","9":"pa_materiel-ripstop","10":"pa_phase-de-vie-erwachsen","11":"pa_phase-de-vie-jeune-chien","12":"pa_taille-l","13":"pa_taille-m","14":"pa_taille-s","15":"pa_type-de-besoin-activ","16":"pa_type-de-besoin-chien-de-travaiile","17":"pa_type-de-besoin-sportif","18":"pa_type-de-produit-ceinture","19":"pa_type-de-produit-bikejoering","20":"pa_type-de-produit-canicross","21":"pa_type-de-produit-humain","22":"pa_type-de-produit-hundesport","23":"pa_type-de-produit-mushing","24":"pa_type-de-produit-skijoering","25":"pa_type-de-produit-cani-rando","27":"first","28":"instock","29":"taxable","30":"shipping-taxable","31":"purchasable","32":"product-type-variable"},"_links":{"self":[{"href":"https:\/\/senas.ch\/de\/wp-json\/wp\/v2\/product\/3995","targetHints":{"allow":["GET"]}}],"collection":[{"href":"https:\/\/senas.ch\/de\/wp-json\/wp\/v2\/product"}],"about":[{"href":"https:\/\/senas.ch\/de\/wp-json\/wp\/v2\/types\/product"}],"replies":[{"embeddable":true,"href":"https:\/\/senas.ch\/de\/wp-json\/wp\/v2\/comments?post=3995"}],"wp:featuredmedia":[{"embeddable":true,"href":"https:\/\/senas.ch\/de\/wp-json\/wp\/v2\/media\/4198"}],"wp:attachment":[{"href":"https:\/\/senas.ch\/de\/wp-json\/wp\/v2\/media?parent=3995"}],"wp:term":[{"taxonomy":"product_brand","embeddable":true,"href":"https:\/\/senas.ch\/de\/wp-json\/wp\/v2\/product_brand?post=3995"},{"taxonomy":"product_cat","embeddable":true,"href":"https:\/\/senas.ch\/de\/wp-json\/wp\/v2\/product_cat?post=3995"},{"taxonomy":"product_tag","embeddable":true,"href":"https:\/\/senas.ch\/de\/wp-json\/wp\/v2\/product_tag?post=3995"}],"curies":[{"name":"wp","href":"https:\/\/api.w.org\/{rel}","templated":true}]}}