{"id":4077,"date":"2025-09-30T12:47:56","date_gmt":"2025-09-30T12:47:56","guid":{"rendered":"https:\/\/senas.marketamine.ch\/produit\/hunderucksack-olivegruen\/"},"modified":"2025-12-17T13:34:45","modified_gmt":"2025-12-17T13:34:45","slug":"hunderucksack-olivegruen","status":"publish","type":"product","link":"https:\/\/senas.ch\/de\/boutique\/hunderucksack-olivegruen\/","title":{"rendered":"Hunderucksack olivegr\u00fcn"},"content":{"rendered":"<p>Es ist an der Zeit f\u00fcr deinen Vierbeiner, sein eigenes Gep\u00e4ck zu tragen!<\/p>\n<p>Der Wilderdog Hunderucksack ist das perfekte Accessoire f\u00fcr Tageswanderungen oder mehrt\u00e4gige Touren. Spare etwas Platz in deinem eigenen Rucksack f\u00fcr zus\u00e4tzliche Snacks und lass dein besten Freund sein eigenes Futter, Napf und Kotbeutel tragen.<\/p>\n<p>Auf jeder Seite befinden sich zwei Satteltaschen, die f\u00fcr Stabilit\u00e4t und Leinenbefestigung an einem integrierten Gurt befestigt sind.<\/p>\n<p>Zudem gibt es vier Einstellpunkte am Rucksack, damit du ihn perfekt an deinen Hund anpassen kannst.<\/p>\n<p>&nbsp;<\/p>\n<p><strong>Gr\u00f6ssentabelle:<\/strong><\/p>\n<p><strong>Halsumfang<\/strong>\u00a0\u00a0 \u00a0 \u00a0 \u00a0 \u00a0<strong>Bauchumfang<\/strong><\/p>\n<p>Medium: \u00a0 \u00a0 40.5cm \u2013 61cm \u00a0 \u00a0 \u00a0 40.5cm \u2013 66cm<\/p>\n<p>Gross: \u00a0 \u00a0 \u00a0 \u00a051cm \u2013 68.5cm. \u00a0 \u00a0 \u00a056cm \u2013 85cm<\/p>\n","protected":false},"excerpt":{"rendered":"<p>Der Hunderucksack von Wilderdog ist dank den gr\u00f6ssenverstellbaren Gurten und dem gepolsterten Brustbeinbereich sehr bequem zu tragen f\u00fcr den Hund. Die zwei Satteltaschen bieten viel Platz zum verstauen von Futter und Zubeh\u00f6r f\u00fcr eure Outdoor Abenteuer.<\/p>\n","protected":false},"featured_media":4184,"comment_status":"closed","ping_status":"closed","template":"","meta":{"inline_featured_image":false},"product_brand":[360],"product_cat":[179],"product_tag":[],"class_list":{"0":"post-4077","1":"product","2":"type-product","3":"status-publish","4":"has-post-thumbnail","6":"product_brand-wilderdog","7":"product_cat-zubeheor","8":"pa_couleur-olivegruen","9":"pa_phase-de-vie-erwachsen","10":"pa_phase-de-vie-jeune-chien","11":"pa_phase-de-vie-senior","12":"pa_phase-de-vie-chiot","13":"pa_taille-l","14":"pa_taille-m","15":"pa_type-de-besoin-activ","16":"pa_type-de-besoin-chien-de-familie","17":"pa_type-de-produit-trekking","18":"pa_type-de-produit-cani-rando","20":"first","21":"instock","22":"taxable","23":"shipping-taxable","24":"purchasable","25":"product-type-variable"},"_links":{"self":[{"href":"https:\/\/senas.ch\/de\/wp-json\/wp\/v2\/product\/4077","targetHints":{"allow":["GET"]}}],"collection":[{"href":"https:\/\/senas.ch\/de\/wp-json\/wp\/v2\/product"}],"about":[{"href":"https:\/\/senas.ch\/de\/wp-json\/wp\/v2\/types\/product"}],"replies":[{"embeddable":true,"href":"https:\/\/senas.ch\/de\/wp-json\/wp\/v2\/comments?post=4077"}],"wp:featuredmedia":[{"embeddable":true,"href":"https:\/\/senas.ch\/de\/wp-json\/wp\/v2\/media\/4184"}],"wp:attachment":[{"href":"https:\/\/senas.ch\/de\/wp-json\/wp\/v2\/media?parent=4077"}],"wp:term":[{"taxonomy":"product_brand","embeddable":true,"href":"https:\/\/senas.ch\/de\/wp-json\/wp\/v2\/product_brand?post=4077"},{"taxonomy":"product_cat","embeddable":true,"href":"https:\/\/senas.ch\/de\/wp-json\/wp\/v2\/product_cat?post=4077"},{"taxonomy":"product_tag","embeddable":true,"href":"https:\/\/senas.ch\/de\/wp-json\/wp\/v2\/product_tag?post=4077"}],"curies":[{"name":"wp","href":"https:\/\/api.w.org\/{rel}","templated":true}]}}