{"id":4107,"date":"2025-09-30T12:48:30","date_gmt":"2025-09-30T12:48:30","guid":{"rendered":"https:\/\/senas.marketamine.ch\/produit\/waterproof-rosa-halsband\/"},"modified":"2025-12-17T13:34:14","modified_gmt":"2025-12-17T13:34:14","slug":"waterproof-rosa-halsband","status":"publish","type":"product","link":"https:\/\/senas.ch\/de\/boutique\/waterproof-rosa-halsband\/","title":{"rendered":"Waterproof rosa Halsband"},"content":{"rendered":"<p>Die wasserdichten Halsb\u00e4nder von Wilderdog sind f\u00fcr wasserliebende Hunde gemacht. Das wasser- und schmutzabweisende Halsband aus Biothane in den sch\u00f6nen farben rosa, olive und hellblau sind geruchsneutral, weich und sehr leicht.<\/p>\n<p>Das Halsband ist verstellbar. Um die genaue Gr\u00f6sse zu finden, misst du den Halsumfang deines Hundes.<\/p>\n<ul>\n<li>Small = 24cm \u2013 35.5cm<\/li>\n<li>Medium = 33cm \u2013 45cm<\/li>\n<li>Large = 40.5cm \u2013 60cm<\/li>\n<\/ul>\n","protected":false},"excerpt":{"rendered":"<p>Wasserdichtes und sehr sch\u00f6nes Halsband in den Farben rosa, olive oder blau mit starkem Klippverschluss von Wilderdog.<\/p>\n","protected":false},"featured_media":4148,"comment_status":"closed","ping_status":"closed","template":"","meta":{"inline_featured_image":false},"product_brand":[360],"product_cat":[179],"product_tag":[],"class_list":{"0":"post-4107","1":"product","2":"type-product","3":"status-publish","4":"has-post-thumbnail","6":"product_brand-wilderdog","7":"product_cat-zubeheor","8":"pa_phase-de-vie-erwachsen","9":"pa_phase-de-vie-jeune-chien","10":"pa_phase-de-vie-senior","11":"pa_phase-de-vie-chiot","12":"pa_taille-l","13":"pa_taille-m","14":"pa_taille-s","15":"pa_type-de-besoin-chien-expo","16":"pa_type-de-besoin-chien-de-familie","17":"pa_type-de-besoin-chien-acompanie","18":"pa_type-de-produit-colliers","19":"pa_type-de-produit-hundesport","20":"pa_type-de-produit-cani-rando","22":"first","23":"instock","24":"taxable","25":"shipping-taxable","26":"product-type-variable"},"_links":{"self":[{"href":"https:\/\/senas.ch\/de\/wp-json\/wp\/v2\/product\/4107","targetHints":{"allow":["GET"]}}],"collection":[{"href":"https:\/\/senas.ch\/de\/wp-json\/wp\/v2\/product"}],"about":[{"href":"https:\/\/senas.ch\/de\/wp-json\/wp\/v2\/types\/product"}],"replies":[{"embeddable":true,"href":"https:\/\/senas.ch\/de\/wp-json\/wp\/v2\/comments?post=4107"}],"wp:featuredmedia":[{"embeddable":true,"href":"https:\/\/senas.ch\/de\/wp-json\/wp\/v2\/media\/4148"}],"wp:attachment":[{"href":"https:\/\/senas.ch\/de\/wp-json\/wp\/v2\/media?parent=4107"}],"wp:term":[{"taxonomy":"product_brand","embeddable":true,"href":"https:\/\/senas.ch\/de\/wp-json\/wp\/v2\/product_brand?post=4107"},{"taxonomy":"product_cat","embeddable":true,"href":"https:\/\/senas.ch\/de\/wp-json\/wp\/v2\/product_cat?post=4107"},{"taxonomy":"product_tag","embeddable":true,"href":"https:\/\/senas.ch\/de\/wp-json\/wp\/v2\/product_tag?post=4107"}],"curies":[{"name":"wp","href":"https:\/\/api.w.org\/{rel}","templated":true}]}}