{"id":4111,"date":"2025-09-30T12:48:35","date_gmt":"2025-09-30T12:48:35","guid":{"rendered":"https:\/\/senas.marketamine.ch\/produit\/fastgo-massage-creme\/"},"modified":"2025-12-17T13:34:04","modified_gmt":"2025-12-17T13:34:04","slug":"fastgo-massage-creme","status":"publish","type":"product","link":"https:\/\/senas.ch\/de\/boutique\/fastgo-massage-creme\/","title":{"rendered":"Fast&#038;go Massage Creme"},"content":{"rendered":"<p>&nbsp;<\/p>\n<p>Fast&amp;Go\u00ae unterst\u00fctzt alle Behandlungen zur Wiederherstellung der Gelenk- und Muskelfunktion. Dies ist auf das Vorhandensein von Glucosaminsulfat zur\u00fcckzuf\u00fchren, einer nat\u00fcrlichen Verbindung, die der Organismus aus Zucker treibt, der in die Bildung von Glycosaminoglycanen eingreift, die wesentliche Bestandteile der Synovialfl\u00fcssigkeit sind. Die Extrakte von Spiraea Ulmaria und Arnica Montana verleihen \u00a0Fast&amp;Go\u00ae beruhigende Eigenschaften. Wenn das Gel in Gelenken und Muskeln verteilt wird, f\u00f6rdert es die funktionelle Erholung und hilft, die Beschwerden zu lindern. Wasserabweisend zum Schutz der Gelenke und Muskeln von Hunden und Katzen \u00a0.<\/p>\n<p>Dank seiner speziellen Formel, die kein Wasser enth\u00e4lt, gefriert das Gel bei kalten Temperaturen nicht.<\/p>\n<p>&nbsp;<\/p>\n<p><strong>Enth\u00e4lt:<\/strong><\/p>\n<ul>\n<li>Arnica montana;<\/li>\n<li>Spirea ulmaria;<\/li>\n<li>\u00c4therisches Eukalyptus\u00f6l;<\/li>\n<li>\u00c4therisches Thymus\u00f6l;<\/li>\n<li>Glucosaminsulfat;<\/li>\n<li>Propylenglycol;<\/li>\n<li>Triethanolamin;<\/li>\n<li>Methylsulfonylmethan;<\/li>\n<li>d-Limonen;<\/li>\n<li>Linalool;<\/li>\n<li>Interagierende Substanze<\/li>\n<\/ul>\n<p>500ml<\/p>\n","protected":false},"excerpt":{"rendered":"<p>Das Fast&amp;Go\u00ae Massagegel unterst\u00fctzt Behandlungen zur Regenerierung von Muskel- und Gelenkbeanspruchungen oder Verletzungen. Es wird direkt auf die Haut aufgetragen und einmassiert und hilft dank \u00e4therischen \u00d6len, sowie Glucosaminsulfat den Heilungsprozess zu unterst\u00fctzen.<\/p>\n","protected":false},"featured_media":4144,"comment_status":"closed","ping_status":"closed","template":"","meta":{"inline_featured_image":false},"product_brand":[288],"product_cat":[179],"product_tag":[],"class_list":{"0":"post-4111","1":"product","2":"type-product","3":"status-publish","4":"has-post-thumbnail","6":"product_brand-nextmune-axaeco","7":"product_cat-zubeheor","8":"pa_phase-de-vie-erwachsen","9":"pa_phase-de-vie-jeune-chien","10":"pa_phase-de-vie-senior","11":"pa_type-de-besoin-activ","12":"pa_type-de-besoin-chien-de-travaiile","13":"pa_type-de-besoin-schlittenhund","14":"pa_type-de-besoin-sportif","15":"pa_type-de-produit-bikejoering","16":"pa_type-de-produit-sante","17":"pa_type-de-produit-leistung","18":"pa_type-de-produit-mushing","19":"pa_type-de-produit-skijoering","21":"first","22":"instock","23":"taxable","24":"shipping-taxable","25":"purchasable","26":"product-type-simple"},"_links":{"self":[{"href":"https:\/\/senas.ch\/de\/wp-json\/wp\/v2\/product\/4111","targetHints":{"allow":["GET"]}}],"collection":[{"href":"https:\/\/senas.ch\/de\/wp-json\/wp\/v2\/product"}],"about":[{"href":"https:\/\/senas.ch\/de\/wp-json\/wp\/v2\/types\/product"}],"replies":[{"embeddable":true,"href":"https:\/\/senas.ch\/de\/wp-json\/wp\/v2\/comments?post=4111"}],"wp:featuredmedia":[{"embeddable":true,"href":"https:\/\/senas.ch\/de\/wp-json\/wp\/v2\/media\/4144"}],"wp:attachment":[{"href":"https:\/\/senas.ch\/de\/wp-json\/wp\/v2\/media?parent=4111"}],"wp:term":[{"taxonomy":"product_brand","embeddable":true,"href":"https:\/\/senas.ch\/de\/wp-json\/wp\/v2\/product_brand?post=4111"},{"taxonomy":"product_cat","embeddable":true,"href":"https:\/\/senas.ch\/de\/wp-json\/wp\/v2\/product_cat?post=4111"},{"taxonomy":"product_tag","embeddable":true,"href":"https:\/\/senas.ch\/de\/wp-json\/wp\/v2\/product_tag?post=4111"}],"curies":[{"name":"wp","href":"https:\/\/api.w.org\/{rel}","templated":true}]}}