{"id":4126,"date":"2025-06-23T10:18:05","date_gmt":"2025-06-23T10:18:05","guid":{"rendered":"https:\/\/senas.marketamine.ch\/produit\/basic\/"},"modified":"2026-03-23T19:02:10","modified_gmt":"2026-03-23T18:02:10","slug":"basic","status":"publish","type":"product","link":"https:\/\/senas.ch\/de\/boutique\/basic\/","title":{"rendered":"Basic"},"content":{"rendered":"<div class=\"woocommerce-product-gallery woocommerce-product-gallery--with-images woocommerce-product-gallery--columns-4 images\" data-columns=\"4\">\n<div class=\"flex-viewport\">\n<div class=\"woocommerce-product-gallery__wrapper\">\n<div class=\"woocommerce-product-gallery__image flex-active-slide\" data-thumb=\"https:\/\/www.senas.ch\/wp-content\/uploads\/2024\/10\/BasicTofvAAjg1JPd9-100x100.jpg\" data-thumb-alt=\"UniQ Basic Hundefutter 12KG\" data-thumb-srcset=\"https:\/\/www.senas.ch\/wp-content\/uploads\/2024\/10\/BasicTofvAAjg1JPd9-100x100.jpg 100w, https:\/\/www.senas.ch\/wp-content\/uploads\/2024\/10\/BasicTofvAAjg1JPd9-250x250.jpg 250w, https:\/\/www.senas.ch\/wp-content\/uploads\/2024\/10\/BasicTofvAAjg1JPd9-300x300.jpg 300w, https:\/\/www.senas.ch\/wp-content\/uploads\/2024\/10\/BasicTofvAAjg1JPd9-50x50.jpg 50w\" data-thumb-sizes=\"(max-width: 100px) 100vw, 100px\">UniQ Basic Hundefutter vereint zwei hochwertige tierische Proteinquellen &#8211; Huhn und Fisch &#8211; und liefert \u00fcber 70% tierisches Eiweiss. Beide Zutaten versorgen den Hund mit essenziellen Aminos\u00e4uren, welche f\u00fcr gesunde Haut und gl\u00e4nzendes Fell, sowie ein gutes Immunsystem sorgen. Die schmackhaften Kroketten versorgen den Hund mit allen wichtigen N\u00e4hrstoffen und sorgen f\u00fcr eine hohe Verdaulichkeit.<\/div>\n<div data-thumb=\"https:\/\/www.senas.ch\/wp-content\/uploads\/2024\/10\/BasicTofvAAjg1JPd9-100x100.jpg\" data-thumb-alt=\"UniQ Basic Hundefutter 12KG\" data-thumb-srcset=\"https:\/\/www.senas.ch\/wp-content\/uploads\/2024\/10\/BasicTofvAAjg1JPd9-100x100.jpg 100w, https:\/\/www.senas.ch\/wp-content\/uploads\/2024\/10\/BasicTofvAAjg1JPd9-250x250.jpg 250w, https:\/\/www.senas.ch\/wp-content\/uploads\/2024\/10\/BasicTofvAAjg1JPd9-300x300.jpg 300w, https:\/\/www.senas.ch\/wp-content\/uploads\/2024\/10\/BasicTofvAAjg1JPd9-50x50.jpg 50w\" data-thumb-sizes=\"(max-width: 100px) 100vw, 100px\"><\/div>\n<\/div>\n<\/div>\n<\/div>\n<div class=\"woocommerce-tabs wc-tabs-wrapper\">\n<div id=\"tab-description\" class=\"woocommerce-Tabs-panel woocommerce-Tabs-panel--description panel entry-content wc-tab\" role=\"tabpanel\" aria-labelledby=\"tab-title-description\">\n<div class=\"panel-heading\">Inhalt: 12 kg<\/div>\n<div id=\"tabs-1444-1\" class=\"panel-collapse collapse in\">\n<div class=\"panel-body\">\n<div id=\"beschreibung\" class=\"info_panel_accordion_tab_content\" data-update=\"beschreibung\" data-tab_nr=\"1444-1\">\n<p>UniQ BASIC ist als Alleinfutter f\u00fcr den normal aktiven Hund entwickelt worden. Unter \u201enormaler Aktivit\u00e4t\u201c verstehen wir von UniQ ganz allt\u00e4gliche, regelm\u00e4ssige Besch\u00e4ftigungen, die Ihren Hund k\u00f6rperlich wie geistig auslasten, ohne ihn dabei extrem zu fordern.<\/p>\n<p>Zusammensetzung:<br \/>\nHuhn 40%, Fisch 30%, Brotweizen, Pflanzen\u00f6l,\u00a0 Wurzelgem\u00fcse, Gerste, Mais, Weizenkleie, Milch und Milchprodukte, Hefe, Mineralstoffe und Vitamine<\/p>\n<p>Alle UniQ-Produkte enthalten garantiert NICHT:<br \/>\n\u2022 Tierische Abf\u00e4lle (Gr\u00e4ten, Knochen, Federn etc.), Aas, Tiermehle<br \/>\n\u2022 Soja, Maismehl, Getreidemehle, Essigs\u00e4ure, Natriumsalze<br \/>\n\u2022 K\u00fcnstliche Aromastoffe, Lockstoffe, Farbstoffe<br \/>\n\u2022 F\u00fcllstoffe und Streckmittel<br \/>\n\u2022 k\u00fcnstliches Vitamin K3 (Menadion)<br \/>\n\u2022 K\u00fcnstliche Konservierungsstoffe<\/p>\n<p>Da in D\u00e4nemark die weltweit strengsten Kontrollen f\u00fcr Landwirtschaft und Viehzucht herrschen, gehen alle verwendeten Rohstoffe so naturbelassen wie m\u00f6glich in die Produktion ein. UniQ stand von Anfang an unter der Kontrolle des Landesdirektoriums f\u00fcr Fischerei und Landwirtschaft und wird auch in D\u00e4nemark bis heute als LEBENSMITTEL kontrolliert.<\/p>\n<p><strong>Analyse:<br \/>\n<\/strong>Energie in kcal\/KG: 3820kcal<\/p>\n<p>Rohprotein: 21 %<br \/>\nRohfett: 14,5 %<br \/>\nRohfaser: 2 %<br \/>\nRohasche: 6 %<br \/>\nWasser: 9 %<\/p>\n<p><strong>Mineralstoffe:<\/strong><br \/>\nCalcium: 1,1 %<br \/>\nPhosphor: 0,9 %<br \/>\nMagnesium: 0,1%<br \/>\nNatrium: 0,3 %<br \/>\nKalium 0,5%<\/p>\n<p><strong>Vitamine:<\/strong><br \/>\nA: 15000 IE\/kg<br \/>\nD: 1500 IE\/kg<br \/>\nE: 150 mg\/kg<br \/>\nB1: 2,5 mg\/kg<br \/>\nB2: 10 mg\/kg<br \/>\nB6: 2 mg\/kg<br \/>\nB12: 0,1 mg\/kg<br \/>\nD-Pantothens\u00e4ure: 30 mg\/kg<br \/>\nNiacin: 21,5 mg\/kg<br \/>\nBiotin: 3,03 mg\/kg<\/p>\n<\/div>\n<\/div>\n<\/div>\n<\/div>\n<\/div>\n","protected":false},"excerpt":{"rendered":"<p>Mit UniQ Basic legst du den Grundstein f\u00fcr Gesundheit und Vitalit\u00e4t deines Hundes &#8211; ausgewogen, leicht verdaulich und vollwertig f\u00fcr jeden Tag.<\/p>\n<p>&nbsp;<\/p>\n<p>&nbsp;<\/p>\n","protected":false},"featured_media":3081,"comment_status":"closed","ping_status":"closed","template":"","meta":{"inline_featured_image":false},"product_brand":[367],"product_cat":[300],"product_tag":[],"class_list":{"0":"post-4126","1":"product","2":"type-product","3":"status-publish","4":"has-post-thumbnail","6":"product_brand-uniq","7":"product_cat-hundefutter","8":"pa_besoin-alimentaire-normalgewicht","9":"pa_complement-ohne-soja","10":"pa_conditionnement-sack","11":"pa_format-croquettes","12":"pa_genre-de-produit-alleinfutter","13":"pa_genre-de-produit-monoprotein","14":"pa_phase-de-vie-erwachsen","15":"pa_phase-de-vie-senior","16":"pa_specificite-alimentaire-complet","17":"pa_specificite-alimentaire-trockenfutter","18":"pa_type-de-besoin-chien-de-familie","19":"pa_type-de-besoin-chien-acompanie","20":"pa_type-de-besoin-hundeschule","21":"pa_type-de-besoin-standard","23":"first","24":"instock","25":"taxable","26":"shipping-taxable","27":"purchasable","28":"product-type-simple"},"_links":{"self":[{"href":"https:\/\/senas.ch\/de\/wp-json\/wp\/v2\/product\/4126","targetHints":{"allow":["GET"]}}],"collection":[{"href":"https:\/\/senas.ch\/de\/wp-json\/wp\/v2\/product"}],"about":[{"href":"https:\/\/senas.ch\/de\/wp-json\/wp\/v2\/types\/product"}],"replies":[{"embeddable":true,"href":"https:\/\/senas.ch\/de\/wp-json\/wp\/v2\/comments?post=4126"}],"wp:featuredmedia":[{"embeddable":true,"href":"https:\/\/senas.ch\/de\/wp-json\/wp\/v2\/media\/3081"}],"wp:attachment":[{"href":"https:\/\/senas.ch\/de\/wp-json\/wp\/v2\/media?parent=4126"}],"wp:term":[{"taxonomy":"product_brand","embeddable":true,"href":"https:\/\/senas.ch\/de\/wp-json\/wp\/v2\/product_brand?post=4126"},{"taxonomy":"product_cat","embeddable":true,"href":"https:\/\/senas.ch\/de\/wp-json\/wp\/v2\/product_cat?post=4126"},{"taxonomy":"product_tag","embeddable":true,"href":"https:\/\/senas.ch\/de\/wp-json\/wp\/v2\/product_tag?post=4126"}],"curies":[{"name":"wp","href":"https:\/\/api.w.org\/{rel}","templated":true}]}}