{"id":4128,"date":"2025-07-18T13:03:21","date_gmt":"2025-07-18T13:03:21","guid":{"rendered":"https:\/\/senas.marketamine.ch\/produit\/start-chiot\/"},"modified":"2026-03-30T14:50:39","modified_gmt":"2026-03-30T13:50:39","slug":"start-welpenfutter","status":"publish","type":"product","link":"https:\/\/senas.ch\/de\/boutique\/start-welpenfutter\/","title":{"rendered":"Start Welpenfutter"},"content":{"rendered":"<div class=\"panel-heading\">\n<div class=\"panel-title\"><strong>UniQ Start ist ein Super-Premium-Hundefutter, das speziell f\u00fcr Welpen und Junghunde entwickelt wurde.<\/strong><\/div>\n<\/div>\n<div id=\"tabs-1444-1\" class=\"panel-collapse collapse in\">\n<div class=\"panel-body\">\n<div id=\"beschreibung\" class=\"info_panel_accordion_tab_content\" data-update=\"beschreibung\" data-tab_nr=\"1444-1\">\n<p>Start ist ein ausgewogenes Futter, so dass dein Welpe die beste Voraussetzungen f\u00fcr den Wachstum und die Knochenentwicklung hat.<\/p>\n<p>Das Uniq Start enth\u00e4lt alle N\u00e4hrstoffe, die dein Welpe braucht.<\/p>\n<p><strong>Zusammensetzung:<\/strong><br \/>\nHuhn, Reis, Weizen, Mais, Fisch, R\u00fcbenfasern, Lachs\u00f6l, Schweinefett, Eier, raffiniertes Raps\u00f6l, Blutmehl, Bierhefe &amp; Mineralstoffe.<\/p>\n<p>81% tierisches Protein<\/p>\n<p><strong>Analytische Bestandteile:<\/strong><br \/>\nEiwei\u00df: 27 %<br \/>\nFettgehalt: 17%<br \/>\nRohfaser: 3%<br \/>\nRohasche: 6.5 %<br \/>\nWasser: 7 %<br \/>\nCalcium: 1,1%<br \/>\nPhosphor: 0,9%<br \/>\nMagnesium: 0,1%<\/p>\n<p>Natrium 0,3 %<\/p>\n<p>Kalium 0,7%<\/p>\n<\/div>\n<p>Vitamine:<\/p>\n<p>Vitamin A: 18000 IE<\/p>\n<p>Vitamin D3: 900 IE<\/p>\n<p>Vitamin E: 180 mg<\/p>\n<p>Vitamin B1: 4,5 mg<\/p>\n<p>Vitamin B2: 12 mg<\/p>\n<p>Vitamin B6: 4,86 mg<\/p>\n<p>Vitamin B12: 0,12 mg<\/p>\n<p>Biotin: 0,30 mg<\/p>\n<p>Folins\u00e4ure: 0,75 mg<\/p>\n<p>Cholinchlorid 1700 mg<\/p>\n<ul>\n<li>keine Sojaproteine<\/li>\n<li>kein Knochen und Fleischmehl<\/li>\n<\/ul>\n<div id=\"beschreibung\" class=\"info_panel_accordion_tab_content\" data-update=\"beschreibung\" data-tab_nr=\"1444-1\">\n<p><strong>Omega-3-und-6-Fetts\u00e4uren<\/strong><br \/>\nOmega-3-Fetts\u00e4uren: 6,1 g<br \/>\nOmega-6-Fetts\u00e4uren: 24,08 g<\/p>\n<p><b>Energiegehalt<\/b><\/p>\n<p>Kcal pro Kg: 3940kcal<\/p>\n<\/div>\n<\/div>\n<\/div>\n","protected":false},"excerpt":{"rendered":"<p>Mit UniQ START legst du den Grundstein f\u00fcr ein langes und gesundes Hundeleben. START ist ein Welpen- und Junghundefutter, sorgf\u00e4ltig zusammengestellt, um deinem Hund optimale Bedingungen f\u00fcr Wachstum und Knochenentwicklung zu bieten.<\/p>\n","protected":false},"featured_media":3105,"comment_status":"closed","ping_status":"closed","template":"","meta":{"inline_featured_image":false},"product_brand":[367],"product_cat":[300],"product_tag":[],"class_list":{"0":"post-4128","1":"product","2":"type-product","3":"status-publish","4":"has-post-thumbnail","6":"product_brand-uniq","7":"product_cat-hundefutter","8":"pa_besoin-alimentaire-wachstumsphase","9":"pa_complement-ohne-soja","10":"pa_conditionnement-sack","11":"pa_format-croquettes","12":"pa_genre-de-produit-alleinfutter","13":"pa_genre-de-produit-vollstaendig","14":"pa_phase-de-vie-jeune-chien","15":"pa_phase-de-vie-chiot","16":"pa_specificite-alimentaire-complet","17":"pa_specificite-alimentaire-trockenfutter","18":"pa_type-de-besoin-tous","20":"first","21":"instock","22":"taxable","23":"shipping-taxable","24":"purchasable","25":"product-type-simple"},"_links":{"self":[{"href":"https:\/\/senas.ch\/de\/wp-json\/wp\/v2\/product\/4128","targetHints":{"allow":["GET"]}}],"collection":[{"href":"https:\/\/senas.ch\/de\/wp-json\/wp\/v2\/product"}],"about":[{"href":"https:\/\/senas.ch\/de\/wp-json\/wp\/v2\/types\/product"}],"replies":[{"embeddable":true,"href":"https:\/\/senas.ch\/de\/wp-json\/wp\/v2\/comments?post=4128"}],"wp:featuredmedia":[{"embeddable":true,"href":"https:\/\/senas.ch\/de\/wp-json\/wp\/v2\/media\/3105"}],"wp:attachment":[{"href":"https:\/\/senas.ch\/de\/wp-json\/wp\/v2\/media?parent=4128"}],"wp:term":[{"taxonomy":"product_brand","embeddable":true,"href":"https:\/\/senas.ch\/de\/wp-json\/wp\/v2\/product_brand?post=4128"},{"taxonomy":"product_cat","embeddable":true,"href":"https:\/\/senas.ch\/de\/wp-json\/wp\/v2\/product_cat?post=4128"},{"taxonomy":"product_tag","embeddable":true,"href":"https:\/\/senas.ch\/de\/wp-json\/wp\/v2\/product_tag?post=4128"}],"curies":[{"name":"wp","href":"https:\/\/api.w.org\/{rel}","templated":true}]}}