{"id":4322,"date":"2025-06-23T10:18:33","date_gmt":"2025-06-23T10:18:33","guid":{"rendered":"https:\/\/senas.marketamine.ch\/boutique\/friandise-renne-3\/"},"modified":"2026-01-25T11:42:00","modified_gmt":"2026-01-25T10:42:00","slug":"leckerli-rentier","status":"publish","type":"product","link":"https:\/\/senas.ch\/de\/boutique\/leckerli-rentier\/","title":{"rendered":"Leckerli Rentier"},"content":{"rendered":"<div class=\"woocommerce-tabs wc-tabs-wrapper\">\n<div id=\"tab-description\" class=\"woocommerce-Tabs-panel woocommerce-Tabs-panel--description panel entry-content wc-tab\" role=\"tabpanel\" aria-labelledby=\"tab-title-description\">\n<div id=\"cc-m-11656249793\" class=\"j-module n j-header \">\n<p class=\"uk-width-2xlarge\"><strong>Gefriergetrocknete Hundeleckerlis aus 100 % nordischen Rentieren auch f\u00fcr Allergiker<\/strong><\/p>\n<p class=\"uk-width-2xlarge\">Die nat\u00fcrlichsten Hundeleckerlis auf dem Markt von Raw for Paws bestehen aus 100% gefriergetrocknetem Rentierfleisch. Die Leckerlis stammen von Tieren die ein gutes Leben in den nordischen W\u00e4ldern hatten und sind 100% Bio. Die weichen und leicht zu kauenden Leckerlis lieben die Hunde jeden Alters und jeder Gr\u00f6\u00dfe. Die Leckerlis sind frei von Zusatzstoffen, enthalten wenig Kalorien, sind trocken, riechen nicht und sind Kr\u00fcmel frei. Sie sind hervorragend zum Mitnehmen in der Tasche oder f\u00fcr in der Hundeschule. Diese Leckerlis in den \u00f6kolischen Verpackungen lassen das Herz der Hundehalter und unseren vierbeinigen Freunde ein bisschen h\u00f6her schlagen, denn sie sind einfach sehr lecker!<\/p>\n<\/div>\n<p><strong>Raw for Paw Leckerli<\/strong><\/p>\n<p>Die weichen und leicht zu kauenden St\u00fccke werden von Hunden jeden Alters und jeder Gr\u00f6\u00dfe gesch\u00e4tzt. Wild Deer ist unser gefriergetrockneter Hundesnack aus 100 % Rentierfleisch, hergestellt in unserer eigenen Fabrik in Sm\u00e5land. Selbstverst\u00e4ndlich ist das Produkt v\u00f6llig frei von Zusatzstoffen.<\/p>\n<p>Gefriergetrocknete Produkte sind trocken und kr\u00fcmelfrei und eignen sich daher hervorragend zum mitnehmen in der Tasche beim Spazierengehen oder auf dem Trainingsplatz. Dar\u00fcber hinaus enthalten sie sehr wenig Kalorien, sodass Sie ihren Hund immer wieder belohnen k\u00f6nnen.<\/p>\n<p>Finden Sie den Favoriten ihres Hundes!<\/p>\n<p>Verf\u00fcgbare Geschmacksrichtungen: Hirsch, Elch, Rentier, Mix<\/p>\n<p class=\"font8\">Hochwertige gepr\u00fcfte Lebensmittelrohstoffe.<\/p>\n<p class=\"font8\">Lagerung: Raumtemperatur.<\/p>\n<p>Zusammensetzung:<\/p>\n<p>Rentier 100 % (Fleisch, Kutteln, Herz, Lunge, Leber, Knorpel).<br \/>\nRohstoffherkunft: Schweden<\/p>\n<p><strong>Energie pro 100g: 2289 KJ \/ 547 Kcal<\/strong><br \/>\nEiwei\u00df: 58 %<br \/>\nFett: 35 %<br \/>\nRohasche: 3 %<br \/>\nWasser: 5 %<\/p>\n<p class=\"font8\">Nettomenge: 45 g<\/p>\n<p class=\"font8\">Made in Sweden<\/p>\n<\/div>\n<\/div>\n","protected":false},"excerpt":{"rendered":"<p class=\"uk-width-2xlarge\"><strong>Gefriergetrocknete Hundeleckerlis aus 100 % nordischen Rentieren auch f\u00fcr Allergiker<\/strong><\/p>\n<p class=\"uk-width-2xlarge\">Die nat\u00fcrlichsten Hundeleckerlis auf dem Markt von Raw for Paws bestehen aus 100% gefriergetrocknetem Rentierfleisch, sind Bio und sind werden auch von Allergiker vertragen. Sie sind hervorragend zum Mitnehmen in der Tasche oder f\u00fcr in der Hundeschule.<\/p>\n","protected":false},"featured_media":3271,"comment_status":"closed","ping_status":"closed","template":"","meta":{"inline_featured_image":false},"product_brand":[311],"product_cat":[300],"product_tag":[],"class_list":{"0":"post-4322","1":"product","2":"type-product","3":"status-publish","4":"has-post-thumbnail","6":"product_brand-raw-for-paw","7":"product_cat-hundefutter","8":"pa_complement-empfindlich","9":"pa_complement-beduerfnisse","10":"pa_complement-ohne-weizen","11":"pa_complement-glutenfrei","12":"pa_complement-snack","13":"pa_complement-ohne-soja","14":"pa_conditionnement-einzelverpackung","15":"pa_format-leckerli","16":"pa_genre-de-produit-monoprotein","17":"pa_phase-de-vie-erwachsen","18":"pa_phase-de-vie-jeune-chien","19":"pa_phase-de-vie-senior","20":"pa_phase-de-vie-chiot","21":"pa_specificite-alimentaire-barf","22":"pa_specificite-alimentaire-monoproteine","23":"pa_type-de-besoin-tous","24":"pa_type-de-produit-hundeschule","25":"pa_type-de-produit-hundesport","26":"pa_type-de-produit-cani-rando","28":"first","29":"instock","30":"taxable","31":"shipping-taxable","32":"purchasable","33":"product-type-simple"},"_links":{"self":[{"href":"https:\/\/senas.ch\/de\/wp-json\/wp\/v2\/product\/4322","targetHints":{"allow":["GET"]}}],"collection":[{"href":"https:\/\/senas.ch\/de\/wp-json\/wp\/v2\/product"}],"about":[{"href":"https:\/\/senas.ch\/de\/wp-json\/wp\/v2\/types\/product"}],"replies":[{"embeddable":true,"href":"https:\/\/senas.ch\/de\/wp-json\/wp\/v2\/comments?post=4322"}],"wp:featuredmedia":[{"embeddable":true,"href":"https:\/\/senas.ch\/de\/wp-json\/wp\/v2\/media\/3271"}],"wp:attachment":[{"href":"https:\/\/senas.ch\/de\/wp-json\/wp\/v2\/media?parent=4322"}],"wp:term":[{"taxonomy":"product_brand","embeddable":true,"href":"https:\/\/senas.ch\/de\/wp-json\/wp\/v2\/product_brand?post=4322"},{"taxonomy":"product_cat","embeddable":true,"href":"https:\/\/senas.ch\/de\/wp-json\/wp\/v2\/product_cat?post=4322"},{"taxonomy":"product_tag","embeddable":true,"href":"https:\/\/senas.ch\/de\/wp-json\/wp\/v2\/product_tag?post=4322"}],"curies":[{"name":"wp","href":"https:\/\/api.w.org\/{rel}","templated":true}]}}