{"id":4324,"date":"2025-06-23T10:18:20","date_gmt":"2025-06-23T10:18:20","guid":{"rendered":"https:\/\/senas.marketamine.ch\/boutique\/active-proteine-carton-15x560g-boulettes-4\/"},"modified":"2026-03-29T18:03:19","modified_gmt":"2026-03-29T17:03:19","slug":"active-protein-15x560g-meatballs","status":"publish","type":"product","link":"https:\/\/senas.ch\/de\/boutique\/active-protein-15x560g-meatballs\/","title":{"rendered":"Active Protein 15x560g Meatballs"},"content":{"rendered":"<p>Die VOM Barffutter Active Produkteserie ist eine erstklassige Wahl, wenn Sie ihren Hund mit ein Hundefutter als Alleinfuttermischung von Vom og Hundemat f\u00fcttern m\u00f6chten.<\/p>\n<p>Dieses Hundefutter enth\u00e4lt etwas mehr Protein und hat einen bedeutend geringeren Fettgehalt. \u00a0Bei der \u00a0Energieverteilung dieser Mischung\u00a0stammen daher\u00a0ganze 32% der Kalorien aus Proteinen. Dies ergibt ein gutes\u00a0Hundefutter f\u00fcr Hunde, die trainiert werden, aber gleichzeitig keine hohe Energiezufuhr\u00a0haben sollen. Das Futter gew\u00e4hrleistet den Muskelaufbau, ob als Vorbereitung f\u00fcr die Schlittenhundesaison oder nach einer Verletzung.\u00a0Da das Futter eine geringere Kaloriendichte als die zwei anderen ACTIVE Mischungen hat, kann es f\u00fcr einen \u00fcbergewichtigen Hund eine gute Alternative sein. Die Mischung enth\u00e4lt Huhn (Fleisch, Haut, Knochen), Rinderpansen, Rinderleber, Lachs und Eier sowie zugesetzte Mineralstoffe und Vitamine.<\/p>\n<p>Die Meatballs sind praktisch in 560g P\u00e4ckchen abgepackt und da Hundefutter kann einfach und bequem dosiert werden.<\/p>\n<p>&nbsp;<\/p>\n<p><strong>Ein kompletter Karton beinhaltet 15 x 560g Packungen an Fleisch.<\/strong><\/p>\n<p>&nbsp;<\/p>\n<p><strong>N\u00e4hrwerte:<\/strong><\/p>\n<p>Protein: 17%<br \/>\nFett: 14 %<br \/>\nKohlenhydrate: 0 %<br \/>\nTrockensubstanz: 33-35 %<br \/>\nAsche: 5 %<br \/>\nKalzium: 0,9 %<br \/>\nPhosphor: 0,6 %<br \/>\nUE* : 1940 kcal\/kg<br \/>\nUE* aus Fett: 68 %<br \/>\nUE* aus Protein: 32 %<\/p>\n<p>&nbsp;<\/p>\n<p>Zugesetzte Vitamine und Mineralstoffe:<\/p>\n<p>Vitamin A: 3500.00 IE\/kg<\/p>\n<p>Vitamin D3: 500,00 IE\/kg<\/p>\n<p>Vitamin E: 150,00 mg\/kg<\/p>\n<p>Thiamin B1: 1,50 mg\/kg<\/p>\n<p>Riboflavin B2: 2,80 mg\/kg<\/p>\n<p>Pyridoxin B6: 1,80 mg\/kg<\/p>\n<p>Cobalamin B12: 0,02 mg\/kg<\/p>\n<p>Niacin: 9,00mg\/kg<\/p>\n<p>Pantothens\u00e4ure: 10,00 mg\/kg<\/p>\n<p>Biotin: 0,10 mg\/kg<\/p>\n<p>Cholin: 250,00 mg\/kg<\/p>\n<p>Vitamin C: 15,00 mg\/kg<\/p>\n<p>Eisen: 118,00 mg\/kg<\/p>\n<p>Mangan: 20,00 mg\/kg<\/p>\n<p>Sink: 30,00 mg\/kg<\/p>\n<p>Kupfer: 3,80 mg\/kg<\/p>\n<p>Jod: 0,40mg\/kg<\/p>\n<p>Selen: 0,16 mg\/kg<\/p>\n","protected":false},"excerpt":{"rendered":"<p>Mit VOM Protein sorgst du f\u00fcr einen optimalen Muskelaufbau bei Sporthunden. Die besonders proteinreiche Mischung verbessert die Haut- und Fellqualit\u00e4t deines Hundes. Lachs und Eier sorgen f\u00fcr einen besonderen leckeren Geschmack. Die 20g Meatballs k\u00f6nnen schnell aufgetaut und dosiert werden und eignen sich besondern f\u00fcr kleine Hunderassen oder als gefrorenen Snack.<\/p>\n","protected":false},"featured_media":3051,"comment_status":"closed","ping_status":"closed","template":"","meta":{"inline_featured_image":false},"product_brand":[357],"product_cat":[300],"product_tag":[],"class_list":{"0":"post-4324","1":"product","2":"type-product","3":"status-publish","4":"has-post-thumbnail","6":"product_brand-vom-hundefutter-schweiz","7":"product_cat-hundefutter","8":"pa_besoin-alimentaire-muskelaufbau","9":"pa_besoin-alimentaire-normalgewicht","10":"pa_complement-empfindlich","11":"pa_complement-glutenfrei","12":"pa_conditionnement-karton","13":"pa_format-fleischballchen","14":"pa_phase-de-vie-erwachsen","15":"pa_phase-de-vie-jeune-chien","16":"pa_phase-de-vie-senior","17":"pa_specificite-alimentaire-complet","18":"pa_specificite-alimentaire-barf","19":"pa_type-de-besoin-activ","20":"pa_type-de-besoin-chien-de-travaiile","21":"pa_type-de-besoin-schlittenhund","22":"pa_type-de-besoin-sportif","24":"first","25":"instock","26":"taxable","27":"shipping-taxable","28":"purchasable","29":"product-type-simple"},"_links":{"self":[{"href":"https:\/\/senas.ch\/de\/wp-json\/wp\/v2\/product\/4324","targetHints":{"allow":["GET"]}}],"collection":[{"href":"https:\/\/senas.ch\/de\/wp-json\/wp\/v2\/product"}],"about":[{"href":"https:\/\/senas.ch\/de\/wp-json\/wp\/v2\/types\/product"}],"replies":[{"embeddable":true,"href":"https:\/\/senas.ch\/de\/wp-json\/wp\/v2\/comments?post=4324"}],"wp:featuredmedia":[{"embeddable":true,"href":"https:\/\/senas.ch\/de\/wp-json\/wp\/v2\/media\/3051"}],"wp:attachment":[{"href":"https:\/\/senas.ch\/de\/wp-json\/wp\/v2\/media?parent=4324"}],"wp:term":[{"taxonomy":"product_brand","embeddable":true,"href":"https:\/\/senas.ch\/de\/wp-json\/wp\/v2\/product_brand?post=4324"},{"taxonomy":"product_cat","embeddable":true,"href":"https:\/\/senas.ch\/de\/wp-json\/wp\/v2\/product_cat?post=4324"},{"taxonomy":"product_tag","embeddable":true,"href":"https:\/\/senas.ch\/de\/wp-json\/wp\/v2\/product_tag?post=4324"}],"curies":[{"name":"wp","href":"https:\/\/api.w.org\/{rel}","templated":true}]}}