{"id":4331,"date":"2025-06-23T10:18:05","date_gmt":"2025-06-23T10:18:05","guid":{"rendered":"https:\/\/senas.marketamine.ch\/boutique\/active-complet-easy-pack-carton-4\/"},"modified":"2026-04-07T17:26:27","modified_gmt":"2026-04-07T16:26:27","slug":"active-original-easy-pack","status":"publish","type":"product","link":"https:\/\/senas.ch\/de\/boutique\/active-original-easy-pack\/","title":{"rendered":"Active Original Easy Pack"},"content":{"rendered":"<p>Die VOM Barffutter Active Produkteserie ist eine erstklassige Wahl, wenn Sie ihren Hund mit einem Hundefutter als Alleinfuttermischung von VOM og Hundemat f\u00fcttern m\u00f6chten.<\/p>\n<p>Active Alleinfutter ist ein gutes Basisfutter und gemeinsam mit Active Lachs die beliebteste Mischung von VOM og Hundemat.\u00a0Die Mischung basiert auf Rohstoffen von Huhn (Fleisch, Haut, Knochen), Rind (Innereien, Fleisch), Schwein und Rinderpansen und zugesetzte Vitamine und Mineralstoffe.<\/p>\n<p>&nbsp;<\/p>\n<p><strong>Der Easy Pack Karton beinhaltet das gleich Produkt wie die Active Complete W\u00fcrste oder Meatballs nur in Burgerform von ca. 200g \u2013 250g und ohne Plastik verpackung.<\/strong><\/p>\n<p><strong>Im Easy Pack Karton hat es total 9kg Fleisch. Die Burger sind leicht aufzutauen und k\u00f6nnen praktisch und einfach dem Hund verf\u00fcttert werden.<\/strong><\/p>\n<p>&nbsp;<\/p>\n<p><strong>N\u00e4hrwerte:<\/strong><\/p>\n<p>Protein: 15%<br \/>\nFett: 18 %<br \/>\nKohlenhydrate: 0 %<br \/>\nTrockensubstanz: 35-39 %<br \/>\nAsche: 5 %<br \/>\nKalzium: 0,9 %<br \/>\nPhosphor: 0,6 %<br \/>\nUE* : 2220 kcal\/kg<br \/>\nUE* aus Fett: 74 %<br \/>\nUE* aus Protein: 26 %<\/p>\n<p>&nbsp;<\/p>\n<p>Zugesetzte Vitamine und Mineralstoffe:<\/p>\n<p>Vitamin A: 3500.00 IE\/kg<\/p>\n<p>Vitamin D3: 500,00 IE\/kg<\/p>\n<p>Vitamin E: 150,00 mg\/kg<\/p>\n<p>Thiamin B1: 1,50 mg\/kg<\/p>\n<p>Riboflavin B2: 2,80 mg\/kg<\/p>\n<p>Pyridoxin B6: 1,80 mg\/kg<\/p>\n<p>Cobalamin B12: 0,02 mg\/kg<\/p>\n<p>Niacin: 9,00mg\/kg<\/p>\n<p>Pantothens\u00e4ure: 10,00 mg\/kg<\/p>\n<p>Biotin: 0,10 mg\/kg<\/p>\n<p>Cholin: 250,00 mg\/kg<\/p>\n<p>Vitamin C: 15,00 mg\/kg<\/p>\n<p>Eisen: 118,00 mg\/kg<\/p>\n<p>Mangan: 20,00 mg\/kg<\/p>\n<p>Sink: 30,00 mg\/kg<\/p>\n<p>Kupfer: 3,80 mg\/kg<\/p>\n<p>Jod: 0,40mg\/kg<\/p>\n<p>Selen: 0,16 mg\/kg<\/p>\n","protected":false},"excerpt":{"rendered":"<p>Mit dem norwegischen Hundebarffleisch VOM Active Original gibst du deinem Hund eines der ges\u00fcndesten Hundefutter \u00fcberhaupt. Staune wie gern und schnell dein Hund dieses frische und nat\u00fcrliche Hundefutter fressen wird. Mit den 220g Burgerscheiben welche \u00f6kologisch im Karton verpackt sind, hast du zudem kein Plastik als Abfall!<\/p>\n","protected":false},"featured_media":3024,"comment_status":"closed","ping_status":"closed","template":"","meta":{"inline_featured_image":false},"product_brand":[357],"product_cat":[300],"product_tag":[],"class_list":{"0":"post-4331","1":"product","2":"type-product","3":"status-publish","4":"has-post-thumbnail","6":"product_brand-vom-hundefutter-schweiz","7":"product_cat-hundefutter","8":"pa_besoin-alimentaire-normalgewicht","9":"pa_complement-empfindlich","10":"pa_complement-ohne-weizen","11":"pa_complement-glutenfrei","12":"pa_complement-ohne-soja","13":"pa_format-burger","14":"pa_genre-de-produit-alleinfutter","15":"pa_genre-de-produit-vollstaendig","16":"pa_phase-de-vie-erwachsen","17":"pa_phase-de-vie-senior","18":"pa_specificite-alimentaire-complet","19":"pa_specificite-alimentaire-barf","20":"pa_type-de-besoin-activ","21":"pa_type-de-besoin-chien-de-travaiile","22":"pa_type-de-besoin-chien-expo","23":"pa_type-de-besoin-chien-de-familie","24":"pa_type-de-besoin-schlittenhund","25":"pa_type-de-besoin-sportif","27":"first","28":"instock","29":"featured","30":"taxable","31":"shipping-taxable","32":"purchasable","33":"product-type-simple"},"_links":{"self":[{"href":"https:\/\/senas.ch\/de\/wp-json\/wp\/v2\/product\/4331","targetHints":{"allow":["GET"]}}],"collection":[{"href":"https:\/\/senas.ch\/de\/wp-json\/wp\/v2\/product"}],"about":[{"href":"https:\/\/senas.ch\/de\/wp-json\/wp\/v2\/types\/product"}],"replies":[{"embeddable":true,"href":"https:\/\/senas.ch\/de\/wp-json\/wp\/v2\/comments?post=4331"}],"wp:featuredmedia":[{"embeddable":true,"href":"https:\/\/senas.ch\/de\/wp-json\/wp\/v2\/media\/3024"}],"wp:attachment":[{"href":"https:\/\/senas.ch\/de\/wp-json\/wp\/v2\/media?parent=4331"}],"wp:term":[{"taxonomy":"product_brand","embeddable":true,"href":"https:\/\/senas.ch\/de\/wp-json\/wp\/v2\/product_brand?post=4331"},{"taxonomy":"product_cat","embeddable":true,"href":"https:\/\/senas.ch\/de\/wp-json\/wp\/v2\/product_cat?post=4331"},{"taxonomy":"product_tag","embeddable":true,"href":"https:\/\/senas.ch\/de\/wp-json\/wp\/v2\/product_tag?post=4331"}],"curies":[{"name":"wp","href":"https:\/\/api.w.org\/{rel}","templated":true}]}}