{"id":4339,"date":"2025-06-23T10:18:05","date_gmt":"2025-06-23T10:18:05","guid":{"rendered":"https:\/\/senas.marketamine.ch\/boutique\/active-saumon-carton-3x6kg-saucisses-4\/"},"modified":"2026-03-25T14:45:03","modified_gmt":"2026-03-25T13:45:03","slug":"active-lachs-3x6kg-wurst","status":"publish","type":"product","link":"https:\/\/senas.ch\/de\/boutique\/active-lachs-3x6kg-wurst\/","title":{"rendered":"Active Lachs 3x6kg Wurst"},"content":{"rendered":"<p>Diese gefrorene Frischfleischmischung enth\u00e4lt unter anderem auch Lachs, welcher einen hohen Anteil an essentiellen Omega 3 Fetts\u00e4uren aufweist und besonders Haut, Fell, Gelenke, Gehirn und das Immunsystem unterst\u00fctzt dank EPA &amp; DHA. Mit dem hohen Fettgehalt versorgt es untergewichtige Hunde oder besonders aktive Hunde mit gen\u00fcgend Energie und hilft das Gewicht zu erh\u00f6hen oder halten. Die 6kg W\u00fcrste eignen sich besonders f\u00fcr grosse Rassen oder Mehrhundehalter.<\/p>\n<p>Die VOM Barffutter Active Produkteserie ist eine erstklassige Wahl, wenn Sie ihren Hund mit ein Hundefutter als Alleinfuttermischung von Vom og Hundemat f\u00fcttern m\u00f6chten.<\/p>\n<p>Diese Mischung ernth\u00e4lt zus\u00e4tzlich zu den Rohstoffen von Huhn (Fleisch, Haut,Knochen) und Rind (Innereien &amp; Fleisch), Schwein, Rinderpansen, auch noch Lachs, sowie die zugesetzten Vitamine &amp; Mineralstoffe. Dies ergibt ein noch besseres Fetts\u00e4ureprofil mit einem besonders hohen Gehalt an essentiellen Omega-3-Fetts\u00e4uren DHA und EPA. Dieses Futter ist etwas fetter, eignet sich aber bestens f\u00fcr die meisten Hunde.<\/p>\n<p><strong>Ein kompletter Karton beinhaltet 3x 6kg Packungen an Fleisch.<\/strong><\/p>\n<p><strong>N\u00e4hrwerte:<\/strong><\/p>\n<p>Protein: 16 %<br \/>\nFett: 20 %<br \/>\nKohlenhydrate: 0 %<br \/>\nTrockensubstanz: 35-39 %<br \/>\nAsche: 5 %<br \/>\nKalzium: 0,9 %<br \/>\nPhosphor: 0,6 %<br \/>\nUE* \u00a02440 kcal\/kg<br \/>\nUE* aus Fett: 75 %<br \/>\nUE* aus Protein: 25 %<\/p>\n<p>&nbsp;<\/p>\n<p>Zugesetzte Vitamine und Mineralstoffe:<\/p>\n<p>Vitamin A: 3500.00 IE\/kg<\/p>\n<p>Vitamin D3: 500,00 IE\/kg<\/p>\n<p>Vitamin E: 150,00 mg\/kg<\/p>\n<p>Thiamin B1: 1,50 mg\/kg<\/p>\n<p>Riboflavin B2: 2,80 mg\/kg<\/p>\n<p>Pyridoxin B6: 1,80 mg\/kg<\/p>\n<p>Cobalamin B12: 0,02 mg\/kg<\/p>\n<p>Niacin: 9,00mg\/kg<\/p>\n<p>Pantothens\u00e4ure: 10,00 mg\/kg<\/p>\n<p>Biotin: 0,10 mg\/kg<\/p>\n<p>Cholin: 250,00 mg\/kg<\/p>\n<p>Vitamin C: 15,00 mg\/kg<\/p>\n<p>Eisen: 118,00 mg\/kg<\/p>\n<p>Mangan: 20,00 mg\/kg<\/p>\n<p>Sink: 30,00 mg\/kg<\/p>\n<p>Kupfer: 3,80 mg\/kg<\/p>\n<p>Jod: 0,40mg\/kg<\/p>\n<p>Selen: 0,16 mg\/kg<\/p>\n<p>&nbsp;<\/p>\n","protected":false},"excerpt":{"rendered":"<p>Mit dieser Lachsmischung erh\u00e4lt dein Hund die n\u00f6tige Energie bei sportlichen Aktivit\u00e4ten, h\u00e4lt sein Gewicht oder hilft bei der Gewichtszunahme dank ausgezeichnetem Fettgehalt. Die 6kg W\u00fcrste eignen sich besonders f\u00fcr grosse Rassen oder Mehrhundehalter. Musher weltweit und Schlittenhundesportler schw\u00f6ren auf das Active Lachs.<\/p>\n<p>&nbsp;<\/p>\n<p>&nbsp;<\/p>\n","protected":false},"featured_media":3059,"comment_status":"closed","ping_status":"closed","template":"","meta":{"inline_featured_image":false},"product_brand":[357],"product_cat":[300],"product_tag":[],"class_list":{"0":"post-4339","1":"product","2":"type-product","3":"status-publish","4":"has-post-thumbnail","6":"product_brand-vom-hundefutter-schweiz","7":"product_cat-hundefutter","8":"pa_besoin-alimentaire-gewichtszunahme","9":"pa_besoin-alimentaire-normalgewicht","10":"pa_complement-empfindlich","11":"pa_complement-ohne-weizen","12":"pa_conditionnement-karton","13":"pa_format-wurste","14":"pa_genre-de-produit-alleinfutter","15":"pa_genre-de-produit-vollstaendig","16":"pa_phase-de-vie-erwachsen","17":"pa_phase-de-vie-jeune-chien","18":"pa_specificite-alimentaire-complet","19":"pa_specificite-alimentaire-barf","20":"pa_type-de-besoin-activ","21":"pa_type-de-besoin-schlittenhund","22":"pa_type-de-besoin-sportif","24":"first","25":"instock","26":"taxable","27":"shipping-taxable","28":"purchasable","29":"product-type-simple"},"_links":{"self":[{"href":"https:\/\/senas.ch\/de\/wp-json\/wp\/v2\/product\/4339","targetHints":{"allow":["GET"]}}],"collection":[{"href":"https:\/\/senas.ch\/de\/wp-json\/wp\/v2\/product"}],"about":[{"href":"https:\/\/senas.ch\/de\/wp-json\/wp\/v2\/types\/product"}],"replies":[{"embeddable":true,"href":"https:\/\/senas.ch\/de\/wp-json\/wp\/v2\/comments?post=4339"}],"wp:featuredmedia":[{"embeddable":true,"href":"https:\/\/senas.ch\/de\/wp-json\/wp\/v2\/media\/3059"}],"wp:attachment":[{"href":"https:\/\/senas.ch\/de\/wp-json\/wp\/v2\/media?parent=4339"}],"wp:term":[{"taxonomy":"product_brand","embeddable":true,"href":"https:\/\/senas.ch\/de\/wp-json\/wp\/v2\/product_brand?post=4339"},{"taxonomy":"product_cat","embeddable":true,"href":"https:\/\/senas.ch\/de\/wp-json\/wp\/v2\/product_cat?post=4339"},{"taxonomy":"product_tag","embeddable":true,"href":"https:\/\/senas.ch\/de\/wp-json\/wp\/v2\/product_tag?post=4339"}],"curies":[{"name":"wp","href":"https:\/\/api.w.org\/{rel}","templated":true}]}}