{"id":4864,"date":"2025-11-03T13:19:04","date_gmt":"2025-11-03T13:19:04","guid":{"rendered":"https:\/\/senas.marketamine.ch\/?post_type=product&#038;p=4864"},"modified":"2025-12-17T13:27:57","modified_gmt":"2025-12-17T13:27:57","slug":"swedish-centerline-combix-bike-und-canicross-2-hund","status":"publish","type":"product","link":"https:\/\/senas.ch\/de\/boutique\/swedish-centerline-combix-bike-und-canicross-2-hund\/","title":{"rendered":"Swedish Centerline CombiX Bike und Canicross 2 Hund"},"content":{"rendered":"<p><strong>Die Swedish Centerline Zugsegmente zeichnen sich durch ihre hervorragende Qualit\u00e4t und Verarbeitung aus.\u00a0<\/strong><\/p>\n<p>Die Bike- und Canicrossversion verf\u00fcgt \u00fcber ein schwarzes Ruckd\u00e4mpfersegment und einem erweiterbaren farbigen Einzelabgang oder einem Doppelabgang f\u00fcr zwei Hunde.<\/p>\n<p>Die Tuglines, als auch die Necklines sind aus hochwertigem, leichtem und stabilem Seil und sind sehr robust.<\/p>\n<p>Die Leinen werden immer mit den entsprechend ben\u00f6tigten Tuglines, Necklines und Karabiner geliefert.<\/p>\n<ul>\n<li>Farben: blau, gelb, pink<\/li>\n<li>Gewicht: 0,5kg<\/li>\n<li>L\u00e4nge:<\/li>\n<\/ul>\n","protected":false},"excerpt":{"rendered":"<p>Diese hochwertige Zugleine von Swedish Center Lines verf\u00fcgt \u00fcber einen Ruckd\u00e4mpfer, Abg\u00e4nge f\u00fcr ein oder zwei Hunde und ist f\u00fcr Canicross, Bikej\u00f6ring und Scooterj\u00f6ring geeignet.<\/p>\n","protected":false},"featured_media":4190,"comment_status":"closed","ping_status":"closed","template":"","meta":{"inline_featured_image":false},"product_brand":[364],"product_cat":[179],"product_tag":[],"class_list":{"0":"post-4864","1":"product","2":"type-product","3":"status-publish","4":"has-post-thumbnail","6":"product_brand-swedish-center-line","7":"product_cat-zubeheor","8":"pa_couleur-blau","9":"pa_couleur-gelb","10":"pa_couleur-pink","11":"pa_type-de-besoin-activ","12":"pa_type-de-besoin-chien-de-travaiile","13":"pa_type-de-besoin-schlittenhund","14":"pa_type-de-besoin-sportif","15":"pa_type-de-produit-bikejoering","16":"pa_type-de-produit-canicross","17":"pa_type-de-produit-skijoering","18":"pa_type-de-produit-laisse-traction","20":"first","21":"instock","22":"taxable","23":"shipping-taxable","24":"purchasable","25":"product-type-variable"},"_links":{"self":[{"href":"https:\/\/senas.ch\/de\/wp-json\/wp\/v2\/product\/4864","targetHints":{"allow":["GET"]}}],"collection":[{"href":"https:\/\/senas.ch\/de\/wp-json\/wp\/v2\/product"}],"about":[{"href":"https:\/\/senas.ch\/de\/wp-json\/wp\/v2\/types\/product"}],"replies":[{"embeddable":true,"href":"https:\/\/senas.ch\/de\/wp-json\/wp\/v2\/comments?post=4864"}],"wp:featuredmedia":[{"embeddable":true,"href":"https:\/\/senas.ch\/de\/wp-json\/wp\/v2\/media\/4190"}],"wp:attachment":[{"href":"https:\/\/senas.ch\/de\/wp-json\/wp\/v2\/media?parent=4864"}],"wp:term":[{"taxonomy":"product_brand","embeddable":true,"href":"https:\/\/senas.ch\/de\/wp-json\/wp\/v2\/product_brand?post=4864"},{"taxonomy":"product_cat","embeddable":true,"href":"https:\/\/senas.ch\/de\/wp-json\/wp\/v2\/product_cat?post=4864"},{"taxonomy":"product_tag","embeddable":true,"href":"https:\/\/senas.ch\/de\/wp-json\/wp\/v2\/product_tag?post=4864"}],"curies":[{"name":"wp","href":"https:\/\/api.w.org\/{rel}","templated":true}]}}