{"id":4962,"date":"2025-11-19T14:47:33","date_gmt":"2025-11-19T14:47:33","guid":{"rendered":"https:\/\/senas.marketamine.ch\/?post_type=product&#038;p=4962"},"modified":"2026-03-30T14:50:28","modified_gmt":"2026-03-30T13:50:28","slug":"energy","status":"publish","type":"product","link":"https:\/\/senas.ch\/de\/boutique\/energy\/","title":{"rendered":"Energy"},"content":{"rendered":"<div class=\"woocommerce-product-gallery woocommerce-product-gallery--with-images woocommerce-product-gallery--columns-4 images\" data-columns=\"4\">\n<div class=\"flex-viewport\">\n<div class=\"woocommerce-product-gallery__wrapper\">\n<div class=\"woocommerce-product-gallery__image flex-active-slide\" data-thumb=\"https:\/\/www.senas.ch\/wp-content\/uploads\/2024\/10\/BasicTofvAAjg1JPd9-100x100.jpg\" data-thumb-alt=\"UniQ Basic Hundefutter 12KG\" data-thumb-srcset=\"https:\/\/www.senas.ch\/wp-content\/uploads\/2024\/10\/BasicTofvAAjg1JPd9-100x100.jpg 100w, https:\/\/www.senas.ch\/wp-content\/uploads\/2024\/10\/BasicTofvAAjg1JPd9-250x250.jpg 250w, https:\/\/www.senas.ch\/wp-content\/uploads\/2024\/10\/BasicTofvAAjg1JPd9-300x300.jpg 300w, https:\/\/www.senas.ch\/wp-content\/uploads\/2024\/10\/BasicTofvAAjg1JPd9-50x50.jpg 50w\" data-thumb-sizes=\"(max-width: 100px) 100vw, 100px\">\n<p>Das Appetitt Premium Hundefutter aus Norwegen ist komplett Getreidefrei.<br \/>\nDas Futter wird in Norwegen nachhaltig und umweltfreundlich produziert unter strengsten Qualit\u00e4tsanforderungen. Es zeichnet sich durch die einzigartigen norwegischen\u00a0und funktionellen Inhalstsstoffen aus nat\u00fcrlichen Quellen, wie z.b Krill aus. Zudem stammen 85% der Proteine aus tierischen und marine Quellen.\u00a0 Durch hydrolisiertem H\u00fchnerfleisch ist das Protein im Futter sehr gut verdaulich.<\/p>\n<p><strong>Was zeichnet Appetitt aus?<\/strong><\/p>\n<p>Das Appetitt enth\u00e4lt antarktischen Krill und norwegisches Fisch\u00f6l. Krill ist die effektivste Quelle f\u00fcr Omega 3. Krill versorgt den Hund mit lebenswichtigen Omega-3-Fetts\u00e4uren wie EPA und DHA als Phospholipide. Dies zusammen mit einer idealen Beziehung zwischen Omega-3- und Omega-6-Fetts\u00e4uren und einem hohen Gehalt an Vitamin E die Gelenke, die Haut, das Fell und die allgemeine Gesundheit des Hundes st\u00e4rkt.<\/p>\n<p>Krill wirkt positiv auf Muskel-, Nerven- und Gelenk Funktionen und ist wichtig f\u00fcr eine optimale Gehirnfunktion. Durch die Forschung gemeinsam mit Qrillpaws und Akerbiomarine wurde dokumentiert, dass Krill wirksam gegen Entz\u00fcndungen und Muskelsch\u00e4den wirkt.<\/p>\n<p><a href=\"https:\/\/www.qrillpet.com\/qrill-pet-teams\" target=\"_blank\" rel=\"noopener noreferrer\">Qrillpaws Produkt Mushingvideo<\/a><\/p>\n<p>&nbsp;<\/p>\n<p><strong>Das Appetitt Energy Trockenfutter<\/strong>\u00a0hat einen hohen Energiegehalt und ist ideal f\u00fcr erwachsene Hunde mit hoher Aktivit\u00e4t. H\u00fcndinnen in der zweiten Schwangerschaftsperiode oder w\u00e4hrend der Schwangerschaft.<\/p>\n<p>Das Futter ist gut geeignet f\u00fcr Hunde mit empfindlichem Magen und Darm oder Glutenunvertr\u00e4glichkeit. Das Futter hat eine hohe Energiekonzentration und enth\u00e4lt bis zu 23% Fett. Der hohe Fettgehalt stimuliert eine erh\u00f6hte Fetts\u00e4ureverbrennung, was f\u00fcr aktive Hunde positiv ist.<\/p>\n<p><strong>Zusammensetzung:<\/strong><\/p>\n<p>Getrocknetes H\u00fchnerprotein, H\u00fchnerfett, Reis, hydrolysiertes H\u00fchnerh\u00fchnerprotein, Kartoffelst\u00e4rke, Erbsenst\u00e4rke,<\/p>\n<p>getrockneter Krill (Euphausia superba), hydrolysiertes Meeresprotein von Lachs, getrocknetes Meeresprotein von ganzen Fischen, Lignincellulose, getrocknetes Zuckerr\u00fcbenpulpe,<\/p>\n<p>Fisch\u00f6l, Calciumcarbonat, Monocalciumphosphat, Kaliumcarbonat, Natriumchlorid, Fructo-Oligosaccharide, getrockneter Zuckerrohr (Calanus finmarchicus) \u2013<\/p>\n<p>Quelle von Glucosamin, Beta-Glucane aus Hefe.<\/p>\n<p>&nbsp;<\/p>\n<p><strong>N\u00e4hrstoffe<\/strong><\/p>\n<p>Protein 26,00%<\/p>\n<p>Fett 23,00%<\/p>\n<p>Rohfaser 2,0%<\/p>\n<p>Ballaststoffe 9,4%<\/p>\n<p>Kohlenhydrate 35,8%<\/p>\n<p>Kcal pro KG: 4541kcal<\/p>\n<p>&nbsp;<\/p>\n<p>Anteil von tierischen und marine Proteine: 87.2<\/p>\n<\/div>\n<\/div>\n<\/div>\n<\/div>\n<div class=\"woocommerce-tabs wc-tabs-wrapper\">\n<div id=\"tab-description\" class=\"woocommerce-Tabs-panel woocommerce-Tabs-panel--description panel entry-content wc-tab\" role=\"tabpanel\" aria-labelledby=\"tab-title-description\">\n<div class=\"panel-heading\"><\/div>\n<\/div>\n<\/div>\n","protected":false},"excerpt":{"rendered":"<p>Das glutenfreie\u00a0 Appetitt Energy ist ein excellentes Hundefutter f\u00fcr Arbeitshunde wie Diensthunde, Schlittenhunde oder Rettungshunde. Es weist eine hohe Energiedichte auf und sorgt f\u00fcr einen guten Muskelaufbau und eine gute Ausdauer.<\/p>\n<p>&nbsp;<\/p>\n","protected":false},"featured_media":4963,"comment_status":"closed","ping_status":"closed","template":"","meta":{"inline_featured_image":false},"product_brand":[368],"product_cat":[300],"product_tag":[],"class_list":{"0":"post-4962","1":"product","2":"type-product","3":"status-publish","4":"has-post-thumbnail","6":"product_brand-appetitt","7":"product_cat-hundefutter","8":"pa_besoin-alimentaire-muskelaufbau","9":"pa_besoin-alimentaire-normalgewicht","10":"pa_complement-empfindlich","11":"pa_complement-glutenfrei","12":"pa_complement-ohne-soja","13":"pa_conditionnement-sack","14":"pa_format-croquettes","15":"pa_genre-de-produit-alleinfutter","16":"pa_genre-de-produit-vollstaendig","17":"pa_phase-de-vie-erwachsen","18":"pa_phase-de-vie-senior","19":"pa_specificite-alimentaire-trockenfutter","20":"pa_type-de-besoin-activ","21":"pa_type-de-besoin-chien-expo","22":"pa_type-de-besoin-chien-de-familie","23":"pa_type-de-besoin-sportif","25":"first","26":"onbackorder","27":"taxable","28":"shipping-taxable","29":"purchasable","30":"product-type-simple"},"_links":{"self":[{"href":"https:\/\/senas.ch\/de\/wp-json\/wp\/v2\/product\/4962","targetHints":{"allow":["GET"]}}],"collection":[{"href":"https:\/\/senas.ch\/de\/wp-json\/wp\/v2\/product"}],"about":[{"href":"https:\/\/senas.ch\/de\/wp-json\/wp\/v2\/types\/product"}],"replies":[{"embeddable":true,"href":"https:\/\/senas.ch\/de\/wp-json\/wp\/v2\/comments?post=4962"}],"wp:featuredmedia":[{"embeddable":true,"href":"https:\/\/senas.ch\/de\/wp-json\/wp\/v2\/media\/4963"}],"wp:attachment":[{"href":"https:\/\/senas.ch\/de\/wp-json\/wp\/v2\/media?parent=4962"}],"wp:term":[{"taxonomy":"product_brand","embeddable":true,"href":"https:\/\/senas.ch\/de\/wp-json\/wp\/v2\/product_brand?post=4962"},{"taxonomy":"product_cat","embeddable":true,"href":"https:\/\/senas.ch\/de\/wp-json\/wp\/v2\/product_cat?post=4962"},{"taxonomy":"product_tag","embeddable":true,"href":"https:\/\/senas.ch\/de\/wp-json\/wp\/v2\/product_tag?post=4962"}],"curies":[{"name":"wp","href":"https:\/\/api.w.org\/{rel}","templated":true}]}}