{"id":5014,"date":"2025-12-01T11:05:35","date_gmt":"2025-12-01T11:05:35","guid":{"rendered":"https:\/\/senas.marketamine.ch\/?post_type=product&#038;p=5014"},"modified":"2025-12-17T13:31:12","modified_gmt":"2025-12-17T13:31:12","slug":"ultralight-halsband-rosa","status":"publish","type":"product","link":"https:\/\/senas.ch\/de\/boutique\/ultralight-halsband-rosa\/","title":{"rendered":"Ultralight Halsband Rosa"},"content":{"rendered":"<p>Die Ultralight Hundehalsb\u00e4nder bestehen aus einem robusten und sehr leichtem Nylongurt.<\/p>\n<p>Willst du superleichte Ausr\u00fcstung, die trotzdem noch sehr robust ist? Hergestellt aus starkem, ultraleichtem Nylon-Gurt f\u00fcr ein Federgewicht und eine gro\u00dfe Festigkeit.<\/p>\n<ul>\n<li>Hochleistungs-Kunststoffclip mit Stahl-D-Ring<\/li>\n<li>Hergestellt aus dicht gewebtem, leichtem Nylongewebe<\/li>\n<li>Alle Gr\u00f6ssen 2.5cm breit<\/li>\n<\/ul>\n<p>Die Halsb\u00e4nder sind verstellbar, aber bitte messen Sie Ihre Hunde vor der Bestellung. Um die genaueste Gr\u00f6\u00dfe zu finden, messen Sie um den Hals Ihres Hundes, wo das Halsband sitzen w\u00fcrde, und lassen Sie soviel Platz, dass Sie mindestens zwei Finger bequem unter das Halsband schieben k\u00f6nnen. Wenn Ihr Hund zwischen den Gr\u00f6\u00dfen liegt, empfehlen wir Ihnen, die Gr\u00f6sse Medium zu verwenden.<\/p>\n<p>&nbsp;<\/p>\n<ul>\n<li>Small = 12.5cm \u2013 38cm<\/li>\n<li>Medium = 33cm \u2013 45cm<\/li>\n<\/ul>\n","protected":false},"excerpt":{"rendered":"<p>Die Ultralight Hundehalsb\u00e4nder bestehen aus einem robusten und sehr leichtem Nylongurt, in sch\u00f6nem Rosa.<\/p>\n","protected":false},"featured_media":5018,"comment_status":"closed","ping_status":"closed","template":"","meta":{"inline_featured_image":false},"product_brand":[360],"product_cat":[179],"product_tag":[],"class_list":{"0":"post-5014","1":"product","2":"type-product","3":"status-publish","4":"has-post-thumbnail","6":"product_brand-wilderdog","7":"product_cat-zubeheor","8":"pa_phase-de-vie-erwachsen","9":"pa_phase-de-vie-jeune-chien","10":"pa_phase-de-vie-senior","11":"pa_phase-de-vie-chiot","12":"pa_taille-m","13":"pa_taille-s","14":"pa_type-de-besoin-chien-expo","15":"pa_type-de-besoin-chien-de-familie","16":"pa_type-de-besoin-chien-acompanie","17":"pa_type-de-produit-colliers","18":"pa_type-de-produit-hundesport","19":"pa_type-de-produit-cani-rando","21":"first","22":"instock","23":"taxable","24":"shipping-taxable","25":"product-type-variable"},"_links":{"self":[{"href":"https:\/\/senas.ch\/de\/wp-json\/wp\/v2\/product\/5014","targetHints":{"allow":["GET"]}}],"collection":[{"href":"https:\/\/senas.ch\/de\/wp-json\/wp\/v2\/product"}],"about":[{"href":"https:\/\/senas.ch\/de\/wp-json\/wp\/v2\/types\/product"}],"replies":[{"embeddable":true,"href":"https:\/\/senas.ch\/de\/wp-json\/wp\/v2\/comments?post=5014"}],"wp:featuredmedia":[{"embeddable":true,"href":"https:\/\/senas.ch\/de\/wp-json\/wp\/v2\/media\/5018"}],"wp:attachment":[{"href":"https:\/\/senas.ch\/de\/wp-json\/wp\/v2\/media?parent=5014"}],"wp:term":[{"taxonomy":"product_brand","embeddable":true,"href":"https:\/\/senas.ch\/de\/wp-json\/wp\/v2\/product_brand?post=5014"},{"taxonomy":"product_cat","embeddable":true,"href":"https:\/\/senas.ch\/de\/wp-json\/wp\/v2\/product_cat?post=5014"},{"taxonomy":"product_tag","embeddable":true,"href":"https:\/\/senas.ch\/de\/wp-json\/wp\/v2\/product_tag?post=5014"}],"curies":[{"name":"wp","href":"https:\/\/api.w.org\/{rel}","templated":true}]}}