{"id":5027,"date":"2025-12-01T11:18:54","date_gmt":"2025-12-01T11:18:54","guid":{"rendered":"https:\/\/senas.marketamine.ch\/?post_type=product&#038;p=5027"},"modified":"2026-01-25T11:42:01","modified_gmt":"2026-01-25T10:42:01","slug":"hundeleine-ultralight-blau","status":"publish","type":"product","link":"https:\/\/senas.ch\/de\/boutique\/hundeleine-ultralight-blau\/","title":{"rendered":"Hundeleine Ultralight blau"},"content":{"rendered":"<p>Willst du eine superleichte Leine, die trotzdem sehr robust ist? Dann ist die ultraleichte Leine von Wilderdog etwas f\u00fcr dich! Diese Hundeleine ist hergestellt aus starkem, ultraleichtem Nylon-Gurt f\u00fcr ein Federgewicht und eine gro\u00dfe Seilfestigkeit.<\/p>\n<p>Die Ultraleichte Hundeleine hat einen drehbaren und verschraubten Karabiner und zus\u00e4tzlich einen D-Ring am leicht gepolsterten Griff.<\/p>\n<p>L\u00e4nge der Hundeleine: 1.80m<br \/>\nBreite: 2.5cm<br \/>\nGewicht: nur 106g<\/p>\n","protected":false},"excerpt":{"rendered":"<p>Die superleichte Leine, leichter gehts kaum und diese ist trotzdem sehr robust? Diese Leine \u00fcberzeugt durch die sch\u00f6ne Farbe und ihrer Qualit\u00e4t.<\/p>\n","protected":false},"featured_media":5028,"comment_status":"closed","ping_status":"closed","template":"","meta":{"inline_featured_image":false},"product_brand":[360],"product_cat":[179],"product_tag":[],"class_list":{"0":"post-5027","1":"product","2":"type-product","3":"status-publish","4":"has-post-thumbnail","6":"product_brand-wilderdog","7":"product_cat-zubeheor","8":"pa_couleur-blau","9":"pa_phase-de-vie-erwachsen","10":"pa_phase-de-vie-jeune-chien","11":"pa_phase-de-vie-senior","12":"pa_phase-de-vie-chiot","13":"pa_type-de-besoin-chien-de-familie","14":"pa_type-de-besoin-chien-acompanie","15":"pa_type-de-besoin-hundeschule","16":"pa_type-de-produit-hundesport","17":"pa_type-de-produit-leine","18":"pa_type-de-produit-cani-rando","20":"first","21":"onbackorder","22":"taxable","23":"shipping-taxable","24":"purchasable","25":"product-type-simple"},"_links":{"self":[{"href":"https:\/\/senas.ch\/de\/wp-json\/wp\/v2\/product\/5027","targetHints":{"allow":["GET"]}}],"collection":[{"href":"https:\/\/senas.ch\/de\/wp-json\/wp\/v2\/product"}],"about":[{"href":"https:\/\/senas.ch\/de\/wp-json\/wp\/v2\/types\/product"}],"replies":[{"embeddable":true,"href":"https:\/\/senas.ch\/de\/wp-json\/wp\/v2\/comments?post=5027"}],"wp:featuredmedia":[{"embeddable":true,"href":"https:\/\/senas.ch\/de\/wp-json\/wp\/v2\/media\/5028"}],"wp:attachment":[{"href":"https:\/\/senas.ch\/de\/wp-json\/wp\/v2\/media?parent=5027"}],"wp:term":[{"taxonomy":"product_brand","embeddable":true,"href":"https:\/\/senas.ch\/de\/wp-json\/wp\/v2\/product_brand?post=5027"},{"taxonomy":"product_cat","embeddable":true,"href":"https:\/\/senas.ch\/de\/wp-json\/wp\/v2\/product_cat?post=5027"},{"taxonomy":"product_tag","embeddable":true,"href":"https:\/\/senas.ch\/de\/wp-json\/wp\/v2\/product_tag?post=5027"}],"curies":[{"name":"wp","href":"https:\/\/api.w.org\/{rel}","templated":true}]}}